{"id":2527,"date":"2026-01-07T07:51:20","date_gmt":"2026-01-07T07:51:20","guid":{"rendered":"https:\/\/testsitedemo.it\/santuario-della-madonna-di-tirano-2\/"},"modified":"2026-03-24T11:27:21","modified_gmt":"2026-03-24T11:27:21","slug":"santuario-della-madonna-di-tirano-2","status":"publish","type":"page","link":"https:\/\/visit-tirano.it\/de\/santuario-della-madonna-di-tirano-2\/","title":{"rendered":"SANTUARIO DELLA MADONNA DI TIRANO"},"content":{"rendered":"\t\t<div data-elementor-type=\"wp-page\" data-elementor-id=\"2527\" class=\"elementor elementor-2527 elementor-1150\" data-elementor-post-type=\"page\">\n\t\t\t\t<div class=\"elementor-element elementor-element-2fbecd51 e-con-full elementor-hidden-tablet elementor-hidden-mobile e-flex e-con e-parent\" data-id=\"2fbecd51\" data-element_type=\"container\" data-e-type=\"container\" data-settings=\"{&quot;background_background&quot;:&quot;classic&quot;}\">\n\t\t\t\t<div class=\"elementor-element elementor-element-55d41f83 elementor-widget elementor-widget-heading\" data-id=\"55d41f83\" data-element_type=\"widget\" data-e-type=\"widget\" data-widget_type=\"heading.default\">\n\t\t\t\t\t<h1 class=\"elementor-heading-title elementor-size-default\">Besichtigung des Santuario della Madonna di Tirano<\/h1>\t\t\t\t<\/div>\n\t\t\t\t<\/div>\n\t\t<div class=\"elementor-element elementor-element-3805de0d e-con-full elementor-hidden-mobile elementor-hidden-desktop e-flex e-con e-parent\" data-id=\"3805de0d\" data-element_type=\"container\" data-e-type=\"container\" data-settings=\"{&quot;background_background&quot;:&quot;classic&quot;}\">\n\t\t\t\t<div class=\"elementor-element elementor-element-20b99782 elementor-widget elementor-widget-heading\" data-id=\"20b99782\" data-element_type=\"widget\" data-e-type=\"widget\" data-widget_type=\"heading.default\">\n\t\t\t\t\t<h1 class=\"elementor-heading-title elementor-size-default\">Besichtigung des Santuario della Madonna di Tirano<\/h1>\t\t\t\t<\/div>\n\t\t\t\t<\/div>\n\t\t<div class=\"elementor-element elementor-element-459f8c76 e-con-full elementor-hidden-tablet elementor-hidden-desktop e-flex e-con e-parent\" data-id=\"459f8c76\" data-element_type=\"container\" data-e-type=\"container\" data-settings=\"{&quot;background_background&quot;:&quot;classic&quot;}\">\n\t\t\t\t<div class=\"elementor-element elementor-element-4103310a elementor-widget elementor-widget-heading\" data-id=\"4103310a\" data-element_type=\"widget\" data-e-type=\"widget\" data-widget_type=\"heading.default\">\n\t\t\t\t\t<h1 class=\"elementor-heading-title elementor-size-default\">Besichtigung des Santuario della Madonna di Tirano<\/h1>\t\t\t\t<\/div>\n\t\t\t\t<\/div>\n\t\t<div class=\"elementor-element elementor-element-1d7bde8 e-con-full e-flex e-con e-parent\" data-id=\"1d7bde8\" data-element_type=\"container\" data-e-type=\"container\">\n\t\t<div class=\"elementor-element elementor-element-5444000 e-con-full e-flex e-con e-child\" data-id=\"5444000\" data-element_type=\"container\" data-e-type=\"container\">\n\t\t\t\t<div class=\"elementor-element elementor-element-78cb6b2 elementor-widget__width-auto elementor-widget elementor-widget-text-editor\" data-id=\"78cb6b2\" data-element_type=\"widget\" data-e-type=\"widget\" data-widget_type=\"text-editor.default\">\n\t\t\t\t\t\t\t\t\t<p><strong>N\u00fctzliche Informationen<br><\/strong><br><strong>\u00d6ffnungszeiten<\/strong>:<br>T\u00e4glich <br>von <strong>7.00<\/strong> bis <strong>12.00<\/strong>\u2028 <br>von <strong>14.30<\/strong> bis <strong>19.00<\/strong><\/p><p><strong>Freier Eintritt<\/strong><\/p><p><strong>Adresse<\/strong>\u2028 <br>Piazza Basilica, 1 &#8211; 23037 Tirano (So)<\/p><p><a href=\"https:\/\/www.santuariomadonnaditirano.it\/\" target=\"_blank\" rel=\"noopener\">WEBSEITE DES HEILIGTUMS<\/a><\/p>\t\t\t\t\t\t\t\t<\/div>\n\t\t\t\t<\/div>\n\t\t<div class=\"elementor-element elementor-element-feab5f6 e-con-full e-flex e-con e-child\" data-id=\"feab5f6\" data-element_type=\"container\" data-e-type=\"container\">\n\t\t<div class=\"elementor-element elementor-element-503c29f e-con-full e-flex e-con e-child\" data-id=\"503c29f\" data-element_type=\"container\" data-e-type=\"container\">\n\t\t\t\t<div class=\"elementor-element elementor-element-53660db elementor-widget elementor-widget-heading\" data-id=\"53660db\" data-element_type=\"widget\" data-e-type=\"widget\" data-widget_type=\"heading.default\">\n\t\t\t\t\t<h2 class=\"elementor-heading-title elementor-size-default\">Geschichte <\/h2>\t\t\t\t<\/div>\n\t\t\t\t<div class=\"elementor-element elementor-element-08c046b elementor-widget elementor-widget-text-editor\" data-id=\"08c046b\" data-element_type=\"widget\" data-e-type=\"widget\" data-widget_type=\"text-editor.default\">\n\t\t\t\t\t\t\t\t\t<p>Die Basilika der Madonna von Tirano entstand aus einem Ereignis, das die Geschichte der Stadt und des Gebiets tiefgreifend gepr\u00e4gt hat. Der \u00dcberlieferung nach erschien die Jungfrau <strong>Maria im Jahr 1504 Mario Omodei <\/strong>und versprach das Ende der Pest, die das Veltlin heimsuchte. <br><br>Als Zeichen der Dankbarkeit entstand die Basilika im <strong>lombardischen Renaissancestil<\/strong>, die in ihren wesentlichen Teilen 1513 fertiggestellt, 1528 geweiht und 1927 von Papst Pius XI. zur p\u00e4pstlichen Basilica minor erhoben wurde. Erbaut auf dem <strong>Garten der Erscheinung, <\/strong>der vom Ritter <strong>Luigi Quadrio<\/strong> gestiftet wurde, wurde sie von hochrangigen Baumeistern wie den<strong> Br\u00fcdern Rodari<\/strong> und <strong>Alessandro della Scala ausgef\u00fchrt.<\/strong> <br><br>Um die Basilika herum entwickelte sich der Ortsteil Madonna di Tirano, der bald zu einem Wallfahrtsort und einem identit\u00e4tsstiftenden Symbol f\u00fcr das gesamte Tal wurde.<\/p>\t\t\t\t\t\t\t\t<\/div>\n\t\t\t\t<\/div>\n\t\t<div class=\"elementor-element elementor-element-2aee530 e-con-full e-flex e-con e-child\" data-id=\"2aee530\" data-element_type=\"container\" data-e-type=\"container\">\n\t\t\t\t<div class=\"elementor-element elementor-element-bba9c8a elementor-widget elementor-widget-heading\" data-id=\"bba9c8a\" data-element_type=\"widget\" data-e-type=\"widget\" data-widget_type=\"heading.default\">\n\t\t\t\t\t<h2 class=\"elementor-heading-title elementor-size-default\">Kunst und Architektur<\/h2>\t\t\t\t<\/div>\n\t\t\t\t<div class=\"elementor-element elementor-element-0729ab5 elementor-widget elementor-widget-text-editor\" data-id=\"0729ab5\" data-element_type=\"widget\" data-e-type=\"widget\" data-widget_type=\"text-editor.default\">\n\t\t\t\t\t\t\t\t\t<p>Die Basilika der Madonna von Tirano ist mit ihren <strong>drei Schiffen in lateinischer Kreuzform<\/strong> eines der bedeutendsten Beispiele <strong>lokaler Renaissancearchitektur<\/strong>, die durch die Platzfl\u00e4chen aufgewertet wird, welche ihre Proportionen hervorheben, und im Laufe der Jahrhunderte durch wertvolle dekorative Eingriffe bereichert wurde. Die <strong>harmonische Anlage<\/strong> und die <strong>schlichte Fassade<\/strong> stehen im Dialog mit <strong>reich verzierten Innenr\u00e4umen<\/strong>. <\/p><p>Das spirituelle Herzst\u00fcck des Komplexes ist der <strong>Scurolo<\/strong> unter dem Altar der Erscheinung, ein Ort intensiver Andacht. Ein Beweis f\u00fcr ihren Wert ist die <strong>verehrte polychrome Holzstatue der Madonna di Tirano<\/strong>, die 1946 zur <strong>\u201eHimmlischen Patronin des Veltlins\u201c<\/strong> erkl\u00e4rt wurde. <\/p><p>Die von Lisenen, Okuli und dem reich verzierten Portal gegliederte <strong>Fassade<\/strong>, der <strong>Glockenturm<\/strong> mit romanischen Z\u00fcgen, die <strong>Kuppel<\/strong> aus dem 16. Jahrhundert und die monumentale <strong>Orgel<\/strong> aus barockem Holz aus dem 17. Jahrhundert bringen den <strong>Dialog zwischen g\u00f6ttlicher Gnade, Kunst und menschlichem Ma\u00df<\/strong> zum Ausdruck.<\/p>\t\t\t\t\t\t\t\t<\/div>\n\t\t\t\t<\/div>\n\t\t\t\t<\/div>\n\t\t\t\t<\/div>\n\t\t<div class=\"elementor-element elementor-element-b1f7244 e-con-full e-flex e-con e-parent\" data-id=\"b1f7244\" data-element_type=\"container\" data-e-type=\"container\">\n\t\t\t\t<div class=\"elementor-element elementor-element-15d607c elementor-arrows-position-inside elementor-pagination-position-outside elementor-widget elementor-widget-image-carousel\" data-id=\"15d607c\" data-element_type=\"widget\" data-e-type=\"widget\" data-settings=\"{&quot;image_spacing_custom&quot;:{&quot;unit&quot;:&quot;px&quot;,&quot;size&quot;:50,&quot;sizes&quot;:[]},&quot;navigation&quot;:&quot;both&quot;,&quot;autoplay&quot;:&quot;yes&quot;,&quot;pause_on_hover&quot;:&quot;yes&quot;,&quot;pause_on_interaction&quot;:&quot;yes&quot;,&quot;autoplay_speed&quot;:5000,&quot;infinite&quot;:&quot;yes&quot;,&quot;speed&quot;:500,&quot;image_spacing_custom_tablet&quot;:{&quot;unit&quot;:&quot;px&quot;,&quot;size&quot;:&quot;&quot;,&quot;sizes&quot;:[]},&quot;image_spacing_custom_mobile&quot;:{&quot;unit&quot;:&quot;px&quot;,&quot;size&quot;:&quot;&quot;,&quot;sizes&quot;:[]}}\" data-widget_type=\"image-carousel.default\">\n\t\t\t\t\t\t\t<div class=\"elementor-image-carousel-wrapper swiper\" role=\"region\" aria-roledescription=\"carousel\" aria-label=\"Carosello d&#039;immagini\" dir=\"ltr\">\n\t\t\t<div class=\"elementor-image-carousel swiper-wrapper\" aria-live=\"off\">\n\t\t\t\t\t\t\t\t<div class=\"swiper-slide\" role=\"group\" aria-roledescription=\"slide\" aria-label=\"1 von 10\"><figure class=\"swiper-slide-inner\"><img decoding=\"async\" class=\"swiper-slide-image\" src=\"https:\/\/visit-tirano.it\/wp-content\/uploads\/elementor\/thumbs\/1-scaled-rhqy0ipqmu5fblusfjch8b1m6q158hifakszddzguo.jpg\" alt=\"#image_title\" \/><\/figure><\/div><div class=\"swiper-slide\" role=\"group\" aria-roledescription=\"slide\" aria-label=\"2 von 10\"><figure class=\"swiper-slide-inner\"><img decoding=\"async\" class=\"swiper-slide-image\" src=\"https:\/\/visit-tirano.it\/wp-content\/uploads\/elementor\/thumbs\/2-scaled-rhqy1gjxgvfqxkhmxxz1q2i7klecxl8rf8agnclamo.jpg\" alt=\"#image_title\" \/><\/figure><\/div><div class=\"swiper-slide\" role=\"group\" aria-roledescription=\"slide\" aria-label=\"3 von 10\"><figure class=\"swiper-slide-inner\"><img decoding=\"async\" class=\"swiper-slide-image\" src=\"https:\/\/visit-tirano.it\/wp-content\/uploads\/elementor\/thumbs\/3-scaled-rhqy1pybd7sm5o3zf21bf04tig412ka2sitbg47cwg.jpg\" alt=\"#image_title\" \/><\/figure><\/div><div class=\"swiper-slide\" role=\"group\" aria-roledescription=\"slide\" aria-label=\"4 von 10\"><figure class=\"swiper-slide-inner\"><img decoding=\"async\" class=\"swiper-slide-image\" src=\"https:\/\/visit-tirano.it\/wp-content\/uploads\/elementor\/thumbs\/4-scaled-rhqy1xh0vw2wqjt275abyy8i9j2ys53xhk17abw7io.jpg\" alt=\"#image_title\" \/><\/figure><\/div><div class=\"swiper-slide\" role=\"group\" aria-roledescription=\"slide\" aria-label=\"5 von 10\"><figure class=\"swiper-slide-inner\"><img decoding=\"async\" class=\"swiper-slide-image\" src=\"https:\/\/visit-tirano.it\/wp-content\/uploads\/elementor\/thumbs\/5-scaled-rhqy241w7qbwztji4q4pyekqf86ja0u1uglln9mgb4.jpg\" alt=\"#image_title\" \/><\/figure><\/div><div class=\"swiper-slide\" role=\"group\" aria-roledescription=\"slide\" aria-label=\"6 von 10\"><figure class=\"swiper-slide-inner\"><img decoding=\"async\" class=\"swiper-slide-image\" src=\"https:\/\/visit-tirano.it\/wp-content\/uploads\/elementor\/thumbs\/6-scaled-rhqy2cifx8nhwb77rbsd2ufvrp0u7armvmgyyr9wr4.jpg\" alt=\"#image_title\" \/><\/figure><\/div><div class=\"swiper-slide\" role=\"group\" aria-roledescription=\"slide\" aria-label=\"7 von 10\"><figure class=\"swiper-slide-inner\"><img decoding=\"async\" class=\"swiper-slide-image\" src=\"https:\/\/visit-tirano.it\/wp-content\/uploads\/elementor\/thumbs\/7-rhqy2g9soksn6r1r5devcthq58ib236k852wvv4c28.jpg\" alt=\"#image_title\" \/><\/figure><\/div><div class=\"swiper-slide\" role=\"group\" aria-roledescription=\"slide\" aria-label=\"8 von 10\"><figure class=\"swiper-slide-inner\"><img decoding=\"async\" class=\"swiper-slide-image\" src=\"https:\/\/visit-tirano.it\/wp-content\/uploads\/elementor\/thumbs\/8-rhqy2j3b92wi5kxnowmr2as3xe4ep6hr8j1dbp05jk.jpg\" alt=\"#image_title\" \/><\/figure><\/div><div class=\"swiper-slide\" role=\"group\" aria-roledescription=\"slide\" aria-label=\"9 von 10\"><figure class=\"swiper-slide-inner\"><img decoding=\"async\" class=\"swiper-slide-image\" src=\"https:\/\/visit-tirano.it\/wp-content\/uploads\/elementor\/thumbs\/9-scaled-rhqy2lwttl0d4etk8fumrs2hpjqic9sy8wztrivz0w.jpg\" alt=\"#image_title\" \/><\/figure><\/div><div class=\"swiper-slide\" role=\"group\" aria-roledescription=\"slide\" aria-label=\"10 von 10\"><figure class=\"swiper-slide-inner\"><img decoding=\"async\" class=\"swiper-slide-image\" src=\"https:\/\/visit-tirano.it\/wp-content\/uploads\/elementor\/thumbs\/10-scaled-rhqy2po6kx5ieuo3mhh51r4c337z727vlflromqec0.jpg\" alt=\"#image_title\" \/><\/figure><\/div>\t\t\t<\/div>\n\t\t\t\t\t\t\t\t\t\t\t\t<div class=\"elementor-swiper-button elementor-swiper-button-prev\" role=\"button\" tabindex=\"0\">\n\t\t\t\t\t\t<svg aria-hidden=\"true\" class=\"e-font-icon-svg e-eicon-chevron-left\" viewBox=\"0 0 1000 1000\" xmlns=\"http:\/\/www.w3.org\/2000\/svg\"><path d=\"M646 125C629 125 613 133 604 142L308 442C296 454 292 471 292 487 292 504 296 521 308 533L604 854C617 867 629 875 646 875 663 875 679 871 692 858 704 846 713 829 713 812 713 796 708 779 692 767L438 487 692 225C700 217 708 204 708 187 708 171 704 154 692 142 675 129 663 125 646 125Z\"><\/path><\/svg>\t\t\t\t\t<\/div>\n\t\t\t\t\t<div class=\"elementor-swiper-button elementor-swiper-button-next\" role=\"button\" tabindex=\"0\">\n\t\t\t\t\t\t<svg aria-hidden=\"true\" class=\"e-font-icon-svg e-eicon-chevron-right\" viewBox=\"0 0 1000 1000\" xmlns=\"http:\/\/www.w3.org\/2000\/svg\"><path d=\"M696 533C708 521 713 504 713 487 713 471 708 454 696 446L400 146C388 133 375 125 354 125 338 125 325 129 313 142 300 154 292 171 292 187 292 204 296 221 308 233L563 492 304 771C292 783 288 800 288 817 288 833 296 850 308 863 321 871 338 875 354 875 371 875 388 867 400 854L696 533Z\"><\/path><\/svg>\t\t\t\t\t<\/div>\n\t\t\t\t\n\t\t\t\t\t\t\t\t\t<div class=\"swiper-pagination\"><\/div>\n\t\t\t\t\t\t\t\t\t<\/div>\n\t\t\t\t\t\t<\/div>\n\t\t\t\t<\/div>\n\t\t\t\t<\/div>\n\t\t","protected":false},"excerpt":{"rendered":"<p>Besichtigung des Santuario della Madonna di Tirano Besichtigung des Santuario della Madonna di Tirano Besichtigung des Santuario della Madonna di Tirano N\u00fctzliche Informationen\u00d6ffnungszeiten:T\u00e4glich von 7.00 bis 12.00\u2028 von 14.30 bis 19.00 Freier Eintritt Adresse\u2028 Piazza Basilica, 1 &#8211; 23037 Tirano (So) WEBSEITE DES HEILIGTUMS Geschichte Die Basilika der Madonna von Tirano entstand aus einem Ereignis, [&hellip;]<\/p>\n","protected":false},"author":2,"featured_media":0,"parent":0,"menu_order":0,"comment_status":"closed","ping_status":"closed","template":"","meta":{"_acf_changed":false,"footnotes":""},"class_list":["post-2527","page","type-page","status-publish","hentry"],"acf":[],"aioseo_notices":[],"_links":{"self":[{"href":"https:\/\/visit-tirano.it\/de\/wp-json\/wp\/v2\/pages\/2527","targetHints":{"allow":["GET"]}}],"collection":[{"href":"https:\/\/visit-tirano.it\/de\/wp-json\/wp\/v2\/pages"}],"about":[{"href":"https:\/\/visit-tirano.it\/de\/wp-json\/wp\/v2\/types\/page"}],"author":[{"embeddable":true,"href":"https:\/\/visit-tirano.it\/de\/wp-json\/wp\/v2\/users\/2"}],"replies":[{"embeddable":true,"href":"https:\/\/visit-tirano.it\/de\/wp-json\/wp\/v2\/comments?post=2527"}],"version-history":[{"count":9,"href":"https:\/\/visit-tirano.it\/de\/wp-json\/wp\/v2\/pages\/2527\/revisions"}],"predecessor-version":[{"id":5521,"href":"https:\/\/visit-tirano.it\/de\/wp-json\/wp\/v2\/pages\/2527\/revisions\/5521"}],"wp:attachment":[{"href":"https:\/\/visit-tirano.it\/de\/wp-json\/wp\/v2\/media?parent=2527"}],"curies":[{"name":"wp","href":"https:\/\/api.w.org\/{rel}","templated":true}]}}