{"id":2630,"date":"2026-01-07T07:51:20","date_gmt":"2026-01-07T07:51:20","guid":{"rendered":"https:\/\/testsitedemo.it\/santuario-de-la-madonna-di-tirano\/"},"modified":"2026-03-24T11:33:07","modified_gmt":"2026-03-24T11:33:07","slug":"santuario-de-la-madonna-di-tirano","status":"publish","type":"page","link":"https:\/\/visit-tirano.it\/es\/santuario-de-la-madonna-di-tirano\/","title":{"rendered":"SANTUARIO DE LA MADONNA DI TIRANO"},"content":{"rendered":"\t\t<div data-elementor-type=\"wp-page\" data-elementor-id=\"2630\" class=\"elementor elementor-2630 elementor-1150\" data-elementor-post-type=\"page\">\n\t\t\t\t<div class=\"elementor-element elementor-element-2fbecd51 e-con-full elementor-hidden-tablet elementor-hidden-mobile e-flex e-con e-parent\" data-id=\"2fbecd51\" data-element_type=\"container\" data-e-type=\"container\" data-settings=\"{&quot;background_background&quot;:&quot;classic&quot;}\">\n\t\t\t\t<div class=\"elementor-element elementor-element-55d41f83 elementor-widget elementor-widget-heading\" data-id=\"55d41f83\" data-element_type=\"widget\" data-e-type=\"widget\" data-widget_type=\"heading.default\">\n\t\t\t\t\t<h1 class=\"elementor-heading-title elementor-size-default\">Visitar el Santuario de la Madonna di Tirano<\/h1>\t\t\t\t<\/div>\n\t\t\t\t<\/div>\n\t\t<div class=\"elementor-element elementor-element-3805de0d e-con-full elementor-hidden-mobile elementor-hidden-desktop e-flex e-con e-parent\" data-id=\"3805de0d\" data-element_type=\"container\" data-e-type=\"container\" data-settings=\"{&quot;background_background&quot;:&quot;classic&quot;}\">\n\t\t\t\t<div class=\"elementor-element elementor-element-20b99782 elementor-widget elementor-widget-heading\" data-id=\"20b99782\" data-element_type=\"widget\" data-e-type=\"widget\" data-widget_type=\"heading.default\">\n\t\t\t\t\t<h1 class=\"elementor-heading-title elementor-size-default\">Visitar el Santuario de la Madonna di Tirano<\/h1>\t\t\t\t<\/div>\n\t\t\t\t<\/div>\n\t\t<div class=\"elementor-element elementor-element-459f8c76 e-con-full elementor-hidden-tablet elementor-hidden-desktop e-flex e-con e-parent\" data-id=\"459f8c76\" data-element_type=\"container\" data-e-type=\"container\" data-settings=\"{&quot;background_background&quot;:&quot;classic&quot;}\">\n\t\t\t\t<div class=\"elementor-element elementor-element-4103310a elementor-widget elementor-widget-heading\" data-id=\"4103310a\" data-element_type=\"widget\" data-e-type=\"widget\" data-widget_type=\"heading.default\">\n\t\t\t\t\t<h1 class=\"elementor-heading-title elementor-size-default\">Visitar el Santuario de la Madonna di Tirano<\/h1>\t\t\t\t<\/div>\n\t\t\t\t<\/div>\n\t\t<div class=\"elementor-element elementor-element-1d7bde8 e-con-full e-flex e-con e-parent\" data-id=\"1d7bde8\" data-element_type=\"container\" data-e-type=\"container\">\n\t\t<div class=\"elementor-element elementor-element-5444000 e-con-full e-flex e-con e-child\" data-id=\"5444000\" data-element_type=\"container\" data-e-type=\"container\">\n\t\t\t\t<div class=\"elementor-element elementor-element-78cb6b2 elementor-widget__width-auto elementor-widget elementor-widget-text-editor\" data-id=\"78cb6b2\" data-element_type=\"widget\" data-e-type=\"widget\" data-widget_type=\"text-editor.default\">\n\t\t\t\t\t\t\t\t\t<p><strong>Informaci\u00f3n \u00fatil<br><\/strong><br><strong>Horario de apertura<\/strong>:<br>Todos los d\u00edas <br>de <strong>7:00<\/strong> a <strong>12:00<\/strong>\u2028 <br>de <strong>14:30<\/strong> a <strong>19:00<\/strong> \u2028<\/p><p><strong>Entrada gratuita<\/strong><\/p><p><strong>Direcci\u00f3n<\/strong>\u2028 <br>Piazza Basilica, 1 &#8211; 23037 Tirano (So)<\/p><p><a href=\"https:\/\/www.santuariomadonnaditirano.it\/\" target=\"_blank\" rel=\"noopener\">SITIO WEB DEL SANTUARIO<\/a><\/p>\t\t\t\t\t\t\t\t<\/div>\n\t\t\t\t<\/div>\n\t\t<div class=\"elementor-element elementor-element-feab5f6 e-con-full e-flex e-con e-child\" data-id=\"feab5f6\" data-element_type=\"container\" data-e-type=\"container\">\n\t\t<div class=\"elementor-element elementor-element-503c29f e-con-full e-flex e-con e-child\" data-id=\"503c29f\" data-element_type=\"container\" data-e-type=\"container\">\n\t\t\t\t<div class=\"elementor-element elementor-element-53660db elementor-widget elementor-widget-heading\" data-id=\"53660db\" data-element_type=\"widget\" data-e-type=\"widget\" data-widget_type=\"heading.default\">\n\t\t\t\t\t<h2 class=\"elementor-heading-title elementor-size-default\">Historia <\/h2>\t\t\t\t<\/div>\n\t\t\t\t<div class=\"elementor-element elementor-element-08c046b elementor-widget elementor-widget-text-editor\" data-id=\"08c046b\" data-element_type=\"widget\" data-e-type=\"widget\" data-widget_type=\"text-editor.default\">\n\t\t\t\t\t\t\t\t\t<p>La Bas\u00edlica de la Madonna de Tirano nace de un acontecimiento que ha marcado profundamente la historia de la ciudad y del territorio. Seg\u00fan la tradici\u00f3n, en 1504 la <strong>Virgen Mar\u00eda se apareci\u00f3 a Mario Omodei<\/strong> prometiendo el fin de la peste que aflig\u00eda la Valtellina. <br><br>En se\u00f1al de gratitud se erigi\u00f3 la Bas\u00edlica en <strong>estilo renacentista lombardo<\/strong>, completada en sus partes esenciales en 1513, consagrada en 1528 y elevada a Bas\u00edlica romana menor en 1927 por el Papa P\u00edo XI. Edificada sobre el <strong>huerto de la Aparici\u00f3n<\/strong>, donado por el caballero <strong>Luigi Quadrio<\/strong>, fue realizada por maestros de alto nivel como los <strong>hermanos Rodari<\/strong> y <strong>Alessandro della Scala<\/strong>. <br><br>Alrededor de la Bas\u00edlica se desarroll\u00f3 la fracci\u00f3n de Madonna di Tirano, que pronto se convirti\u00f3 en centro de peregrinaci\u00f3n y s\u00edmbolo de identidad para todo el valle.<\/p>\t\t\t\t\t\t\t\t<\/div>\n\t\t\t\t<\/div>\n\t\t<div class=\"elementor-element elementor-element-2aee530 e-con-full e-flex e-con e-child\" data-id=\"2aee530\" data-element_type=\"container\" data-e-type=\"container\">\n\t\t\t\t<div class=\"elementor-element elementor-element-bba9c8a elementor-widget elementor-widget-heading\" data-id=\"bba9c8a\" data-element_type=\"widget\" data-e-type=\"widget\" data-widget_type=\"heading.default\">\n\t\t\t\t\t<h2 class=\"elementor-heading-title elementor-size-default\">Arte y arquitectura<\/h2>\t\t\t\t<\/div>\n\t\t\t\t<div class=\"elementor-element elementor-element-0729ab5 elementor-widget elementor-widget-text-editor\" data-id=\"0729ab5\" data-element_type=\"widget\" data-e-type=\"widget\" data-widget_type=\"text-editor.default\">\n\t\t\t\t\t\t\t\t\t<p>La Bas\u00edlica de la Madonna de Tirano, con sus <strong>tres naves en cruz latina<\/strong>, es uno de los ejemplos m\u00e1s significativos de <strong>arquitectura renacentista local<\/strong>, valorizada por los espacios de la plaza que realzan sus proporciones, y enriquecida a lo largo de los siglos con intervenciones decorativas de gran valor. La <strong>planta armoniosa<\/strong> y la <strong>fachada sobria<\/strong> dialogan con <strong>interiores ricamente ornamentados<\/strong>. <\/p><p>Coraz\u00f3n espiritual del conjunto es el <strong>Scurolo<\/strong>, bajo el altar de la Aparici\u00f3n, lugar de intensa devoci\u00f3n. Como testimonio de su valor se encuentra la <strong>venerada estatua de madera policromada de la Madonna de Tirano<\/strong>, proclamada en 1946 <strong>\u00abCeleste Patrona de la Valtellina\u00bb<\/strong>. <\/p><p>La <strong>fachada<\/strong>, marcada por lesenas, \u00f3culos y el rico portal esculpido, la <strong>torre campanaria<\/strong> de trazo rom\u00e1nico, la <strong>c\u00fapula<\/strong> del siglo XVI y el monumental <strong>\u00f3rgano<\/strong> de madera barroco del siglo XVII expresan el <strong>di\u00e1logo entre gracia divina, arte y medida humana<\/strong>.<\/p>\t\t\t\t\t\t\t\t<\/div>\n\t\t\t\t<\/div>\n\t\t\t\t<\/div>\n\t\t\t\t<\/div>\n\t\t<div class=\"elementor-element elementor-element-b1f7244 e-con-full e-flex e-con e-parent\" data-id=\"b1f7244\" data-element_type=\"container\" data-e-type=\"container\">\n\t\t\t\t<div class=\"elementor-element elementor-element-15d607c elementor-arrows-position-inside elementor-pagination-position-outside elementor-widget elementor-widget-image-carousel\" data-id=\"15d607c\" data-element_type=\"widget\" data-e-type=\"widget\" data-settings=\"{&quot;image_spacing_custom&quot;:{&quot;unit&quot;:&quot;px&quot;,&quot;size&quot;:50,&quot;sizes&quot;:[]},&quot;navigation&quot;:&quot;both&quot;,&quot;autoplay&quot;:&quot;yes&quot;,&quot;pause_on_hover&quot;:&quot;yes&quot;,&quot;pause_on_interaction&quot;:&quot;yes&quot;,&quot;autoplay_speed&quot;:5000,&quot;infinite&quot;:&quot;yes&quot;,&quot;speed&quot;:500,&quot;image_spacing_custom_tablet&quot;:{&quot;unit&quot;:&quot;px&quot;,&quot;size&quot;:&quot;&quot;,&quot;sizes&quot;:[]},&quot;image_spacing_custom_mobile&quot;:{&quot;unit&quot;:&quot;px&quot;,&quot;size&quot;:&quot;&quot;,&quot;sizes&quot;:[]}}\" data-widget_type=\"image-carousel.default\">\n\t\t\t\t\t\t\t<div class=\"elementor-image-carousel-wrapper swiper\" role=\"region\" aria-roledescription=\"carousel\" aria-label=\"Carosello d&#039;immagini\" dir=\"ltr\">\n\t\t\t<div class=\"elementor-image-carousel swiper-wrapper\" aria-live=\"off\">\n\t\t\t\t\t\t\t\t<div class=\"swiper-slide\" role=\"group\" aria-roledescription=\"slide\" aria-label=\"1 de 10\"><figure class=\"swiper-slide-inner\"><img decoding=\"async\" class=\"swiper-slide-image\" src=\"https:\/\/visit-tirano.it\/wp-content\/uploads\/elementor\/thumbs\/1-scaled-rhqy0ipqmu5fblusfjch8b1m6q158hifakszddzguo.jpg\" alt=\"#image_title\" \/><\/figure><\/div><div class=\"swiper-slide\" role=\"group\" aria-roledescription=\"slide\" aria-label=\"2 de 10\"><figure class=\"swiper-slide-inner\"><img decoding=\"async\" class=\"swiper-slide-image\" src=\"https:\/\/visit-tirano.it\/wp-content\/uploads\/elementor\/thumbs\/2-scaled-rhqy1gjxgvfqxkhmxxz1q2i7klecxl8rf8agnclamo.jpg\" alt=\"#image_title\" \/><\/figure><\/div><div class=\"swiper-slide\" role=\"group\" aria-roledescription=\"slide\" aria-label=\"3 de 10\"><figure class=\"swiper-slide-inner\"><img decoding=\"async\" class=\"swiper-slide-image\" src=\"https:\/\/visit-tirano.it\/wp-content\/uploads\/elementor\/thumbs\/3-scaled-rhqy1pybd7sm5o3zf21bf04tig412ka2sitbg47cwg.jpg\" alt=\"#image_title\" \/><\/figure><\/div><div class=\"swiper-slide\" role=\"group\" aria-roledescription=\"slide\" aria-label=\"4 de 10\"><figure class=\"swiper-slide-inner\"><img decoding=\"async\" class=\"swiper-slide-image\" src=\"https:\/\/visit-tirano.it\/wp-content\/uploads\/elementor\/thumbs\/4-scaled-rhqy1xh0vw2wqjt275abyy8i9j2ys53xhk17abw7io.jpg\" alt=\"#image_title\" \/><\/figure><\/div><div class=\"swiper-slide\" role=\"group\" aria-roledescription=\"slide\" aria-label=\"5 de 10\"><figure class=\"swiper-slide-inner\"><img decoding=\"async\" class=\"swiper-slide-image\" src=\"https:\/\/visit-tirano.it\/wp-content\/uploads\/elementor\/thumbs\/5-scaled-rhqy241w7qbwztji4q4pyekqf86ja0u1uglln9mgb4.jpg\" alt=\"#image_title\" \/><\/figure><\/div><div class=\"swiper-slide\" role=\"group\" aria-roledescription=\"slide\" aria-label=\"6 de 10\"><figure class=\"swiper-slide-inner\"><img decoding=\"async\" class=\"swiper-slide-image\" src=\"https:\/\/visit-tirano.it\/wp-content\/uploads\/elementor\/thumbs\/6-scaled-rhqy2cifx8nhwb77rbsd2ufvrp0u7armvmgyyr9wr4.jpg\" alt=\"#image_title\" \/><\/figure><\/div><div class=\"swiper-slide\" role=\"group\" aria-roledescription=\"slide\" aria-label=\"7 de 10\"><figure class=\"swiper-slide-inner\"><img decoding=\"async\" class=\"swiper-slide-image\" src=\"https:\/\/visit-tirano.it\/wp-content\/uploads\/elementor\/thumbs\/7-rhqy2g9soksn6r1r5devcthq58ib236k852wvv4c28.jpg\" alt=\"#image_title\" \/><\/figure><\/div><div class=\"swiper-slide\" role=\"group\" aria-roledescription=\"slide\" aria-label=\"8 de 10\"><figure class=\"swiper-slide-inner\"><img decoding=\"async\" class=\"swiper-slide-image\" src=\"https:\/\/visit-tirano.it\/wp-content\/uploads\/elementor\/thumbs\/8-rhqy2j3b92wi5kxnowmr2as3xe4ep6hr8j1dbp05jk.jpg\" alt=\"#image_title\" \/><\/figure><\/div><div class=\"swiper-slide\" role=\"group\" aria-roledescription=\"slide\" aria-label=\"9 de 10\"><figure class=\"swiper-slide-inner\"><img decoding=\"async\" class=\"swiper-slide-image\" src=\"https:\/\/visit-tirano.it\/wp-content\/uploads\/elementor\/thumbs\/9-scaled-rhqy2lwttl0d4etk8fumrs2hpjqic9sy8wztrivz0w.jpg\" alt=\"#image_title\" \/><\/figure><\/div><div class=\"swiper-slide\" role=\"group\" aria-roledescription=\"slide\" aria-label=\"10 de 10\"><figure class=\"swiper-slide-inner\"><img decoding=\"async\" class=\"swiper-slide-image\" src=\"https:\/\/visit-tirano.it\/wp-content\/uploads\/elementor\/thumbs\/10-scaled-rhqy2po6kx5ieuo3mhh51r4c337z727vlflromqec0.jpg\" alt=\"#image_title\" \/><\/figure><\/div>\t\t\t<\/div>\n\t\t\t\t\t\t\t\t\t\t\t\t<div class=\"elementor-swiper-button elementor-swiper-button-prev\" role=\"button\" tabindex=\"0\">\n\t\t\t\t\t\t<svg aria-hidden=\"true\" class=\"e-font-icon-svg e-eicon-chevron-left\" viewBox=\"0 0 1000 1000\" xmlns=\"http:\/\/www.w3.org\/2000\/svg\"><path d=\"M646 125C629 125 613 133 604 142L308 442C296 454 292 471 292 487 292 504 296 521 308 533L604 854C617 867 629 875 646 875 663 875 679 871 692 858 704 846 713 829 713 812 713 796 708 779 692 767L438 487 692 225C700 217 708 204 708 187 708 171 704 154 692 142 675 129 663 125 646 125Z\"><\/path><\/svg>\t\t\t\t\t<\/div>\n\t\t\t\t\t<div class=\"elementor-swiper-button elementor-swiper-button-next\" role=\"button\" tabindex=\"0\">\n\t\t\t\t\t\t<svg aria-hidden=\"true\" class=\"e-font-icon-svg e-eicon-chevron-right\" viewBox=\"0 0 1000 1000\" xmlns=\"http:\/\/www.w3.org\/2000\/svg\"><path d=\"M696 533C708 521 713 504 713 487 713 471 708 454 696 446L400 146C388 133 375 125 354 125 338 125 325 129 313 142 300 154 292 171 292 187 292 204 296 221 308 233L563 492 304 771C292 783 288 800 288 817 288 833 296 850 308 863 321 871 338 875 354 875 371 875 388 867 400 854L696 533Z\"><\/path><\/svg>\t\t\t\t\t<\/div>\n\t\t\t\t\n\t\t\t\t\t\t\t\t\t<div class=\"swiper-pagination\"><\/div>\n\t\t\t\t\t\t\t\t\t<\/div>\n\t\t\t\t\t\t<\/div>\n\t\t\t\t<\/div>\n\t\t\t\t<\/div>\n\t\t","protected":false},"excerpt":{"rendered":"<p>Visitar el Santuario de la Madonna di Tirano Visitar el Santuario de la Madonna di Tirano Visitar el Santuario de la Madonna di Tirano Informaci\u00f3n \u00fatilHorario de apertura:Todos los d\u00edas de 7:00 a 12:00\u2028 de 14:30 a 19:00 \u2028 Entrada gratuita Direcci\u00f3n\u2028 Piazza Basilica, 1 &#8211; 23037 Tirano (So) SITIO WEB DEL SANTUARIO Historia La [&hellip;]<\/p>\n","protected":false},"author":2,"featured_media":0,"parent":0,"menu_order":0,"comment_status":"closed","ping_status":"closed","template":"","meta":{"_acf_changed":false,"footnotes":""},"class_list":["post-2630","page","type-page","status-publish","hentry"],"acf":[],"aioseo_notices":[],"_links":{"self":[{"href":"https:\/\/visit-tirano.it\/es\/wp-json\/wp\/v2\/pages\/2630","targetHints":{"allow":["GET"]}}],"collection":[{"href":"https:\/\/visit-tirano.it\/es\/wp-json\/wp\/v2\/pages"}],"about":[{"href":"https:\/\/visit-tirano.it\/es\/wp-json\/wp\/v2\/types\/page"}],"author":[{"embeddable":true,"href":"https:\/\/visit-tirano.it\/es\/wp-json\/wp\/v2\/users\/2"}],"replies":[{"embeddable":true,"href":"https:\/\/visit-tirano.it\/es\/wp-json\/wp\/v2\/comments?post=2630"}],"version-history":[{"count":11,"href":"https:\/\/visit-tirano.it\/es\/wp-json\/wp\/v2\/pages\/2630\/revisions"}],"predecessor-version":[{"id":5527,"href":"https:\/\/visit-tirano.it\/es\/wp-json\/wp\/v2\/pages\/2630\/revisions\/5527"}],"wp:attachment":[{"href":"https:\/\/visit-tirano.it\/es\/wp-json\/wp\/v2\/media?parent=2630"}],"curies":[{"name":"wp","href":"https:\/\/api.w.org\/{rel}","templated":true}]}}