{"id":2144,"date":"2025-12-30T07:20:27","date_gmt":"2025-12-30T07:20:27","guid":{"rendered":"https:\/\/testsitedemo.it\/politique-de-cookies\/"},"modified":"2026-02-05T07:41:03","modified_gmt":"2026-02-05T07:41:03","slug":"politique-de-cookies","status":"publish","type":"page","link":"https:\/\/visit-tirano.it\/fr\/politique-de-cookies\/","title":{"rendered":"COOKIE POLICY-FR"},"content":{"rendered":"\t\t<div data-elementor-type=\"wp-page\" data-elementor-id=\"2144\" class=\"elementor elementor-2144 elementor-1002\" data-elementor-post-type=\"page\">\n\t\t\t\t<div class=\"elementor-element elementor-element-ba4344a e-flex e-con-boxed e-con e-parent\" data-id=\"ba4344a\" data-element_type=\"container\" data-e-type=\"container\">\n\t\t\t\t\t<div class=\"e-con-inner\">\n\t\t\t\t<div class=\"elementor-element elementor-element-02f9c0e elementor-widget elementor-widget-heading\" data-id=\"02f9c0e\" data-element_type=\"widget\" data-e-type=\"widget\" data-widget_type=\"heading.default\">\n\t\t\t\t\t<h1 class=\"elementor-heading-title elementor-size-default\">Politique de cookies<\/h1>\t\t\t\t<\/div>\n\t\t\t\t<div class=\"elementor-element elementor-element-f790649 elementor-widget elementor-widget-text-editor\" data-id=\"f790649\" data-element_type=\"widget\" data-e-type=\"widget\" data-widget_type=\"text-editor.default\">\n\t\t\t\t\t\t\t\t\t<h2 data-start=\"427\" data-end=\"460\">Politique de cookies \u2013 Visit Tirano<\/h2><p data-start=\"461\" data-end=\"504\"><strong data-start=\"461\" data-end=\"504\">Version mise \u00e0 jour le 30 d\u00e9cembre 2025<\/strong><\/p><p data-start=\"564\" data-end=\"911\">La pr\u00e9sente politique de cookies est fournie conform\u00e9ment au R\u00e8glement (UE) 2016\/679 (\u00ab\u00a0RGPD\u00a0\u00bb) et dans le respect de l&rsquo;article 122 du d\u00e9cret l\u00e9gislatif 196\/2003 (\u00ab\u00a0Code de la protection de la vie priv\u00e9e\u00a0\u00bb), ainsi que des d\u00e9cisions de l&rsquo;Autorit\u00e9 de protection des donn\u00e9es personnelles n\u00b0 229 du 8 mai 2014 et n\u00b0 231 du 10 juin 2021 concernant les cookies.    <\/p><p data-start=\"913\" data-end=\"1195\">La Cookie Policy s\u2019adresse \u00e0 toute personne qui se connecte au site web<strong data-start=\"978\" data-end=\"994\"> Visit Tirano.<\/strong> L\u2019information est fournie uniquement pour le Site et non \u00e9galement pour d\u2019autres sites web \u00e9ventuellement consult\u00e9s par l\u2019utilisateur via des liens pr\u00e9sents sur le Site.<\/p><hr data-start=\"1197\" data-end=\"1200\"><h3 data-start=\"1202\" data-end=\"1234\">1. Responsable du traitement<\/h3><p data-start=\"1235\" data-end=\"1433\">Le responsable du traitement des donn\u00e9es est la <strong data-start=\"1274\" data-end=\"1294\">Commune de Tirano<\/strong>, dont le si\u00e8ge est situ\u00e9 <strong data-start=\"1308\" data-end=\"1349\">Piazza Cavour, 18 \u2013 23037 Tirano (SO)<\/strong> (ci-apr\u00e8s \u00ab\u00a0Commune de Tirano\u00a0\u00bb ou \u00ab\u00a0Responsable\u00a0\u00bb).<\/p><p data-start=\"1435\" data-end=\"1593\">Pour les demandes relatives \u00e0 la confidentialit\u00e9 et l&rsquo;exercice des droits, vous pouvez contacter : <strong data-start=\"1512\" data-end=\"1554\"><a class=\"decorated-link cursor-pointer\" rel=\"noopener\" data-start=\"1514\" data-end=\"1552\">ufficio.protocollo@comune.tirano.so.it<\/a><\/strong>.<\/p><hr data-start=\"1595\" data-end=\"1598\"><h3 data-start=\"1600\" data-end=\"1643\">2. Que sont les cookies et \u00e0 quoi servent-ils<\/h3><p data-start=\"1644\" data-end=\"1874\">Les cookies sont de petits fichiers texte que les sites web visit\u00e9s par l&rsquo;utilisateur envoient \u00e0 son appareil, o\u00f9 ils sont stock\u00e9s pour \u00eatre ensuite retransmis aux m\u00eames sites lors de la visite suivante.<\/p><p data-start=\"1876\" data-end=\"1963\">G\u00e9n\u00e9ralement, les cookies peuvent \u00eatre install\u00e9s :<\/p><ul data-start=\"1964\" data-end=\"2212\"><li data-start=\"1964\" data-end=\"2017\"><p data-start=\"1966\" data-end=\"2017\"><strong data-start=\"1966\" data-end=\"1990\">par le gestionnaire du site<\/strong> (cookies de premi\u00e8re partie) ;<\/p><\/li><li data-start=\"2018\" data-end=\"2212\"><p data-start=\"2020\" data-end=\"2212\"><strong data-start=\"2020\" data-end=\"2041\">par des tiers<\/strong> par rapport au gestionnaire du site (cookies tiers), en raison de la pr\u00e9sence sur le site d&rsquo;\u00e9l\u00e9ments li\u00e9s \u00e0 des services externes (par exemple, cartes, vid\u00e9os, outils d&rsquo;analyse, etc.).<\/p><\/li><\/ul><p data-start=\"2214\" data-end=\"2441\">Les informations recueillies par les cookies de premi\u00e8re partie sont conserv\u00e9es par le gestionnaire du site visit\u00e9, tandis que celles recueillies par les cookies tiers sont conserv\u00e9es par les tiers.<\/p><hr data-start=\"2443\" data-end=\"2446\"><h3 data-start=\"2448\" data-end=\"2475\">3. Types de cookies<\/h3><p data-start=\"2476\" data-end=\"2640\">Les cookies sont utilis\u00e9s \u00e0 diff\u00e9rentes fins (par exemple, authentifications informatiques, suivi des sessions, pr\u00e9f\u00e9rences de l&rsquo;utilisateur).<\/p><h4 data-start=\"2642\" data-end=\"2678\">3.1 Cookies techniques (n\u00e9cessaires)<\/h4><p data-start=\"2679\" data-end=\"2949\"><strong data-start=\"2681\" data-end=\"2699\">Les cookies techniques <\/strong>permettent une navigation normale et le bon fonctionnement du Site (ex. gestion de la session, s\u00e9curit\u00e9, pr\u00e9f\u00e9rences essentielles). Pour l\u2019installation de ces cookies, <strong data-start=\"2865\" data-end=\"2896\">le consentement de l\u2019utilisateur n\u2019est pas requis.<\/strong><\/p><h4 data-start=\"2951\" data-end=\"2990\">3.2 Cookies analytiques (statistiques)<\/h4><p data-start=\"2991\" data-end=\"3356\">Cookies utilis\u00e9s pour recueillir des informations, y compris sous forme agr\u00e9g\u00e9e, sur le nombre d&rsquo;utilisateurs et sur la fa\u00e7on dont ils visitent le site. S&rsquo;ils sont configur\u00e9s de mani\u00e8re \u00e0 r\u00e9duire l&rsquo;identifiabilit\u00e9 (par exemple, donn\u00e9es agr\u00e9g\u00e9es\/anonymis\u00e9es), ils peuvent \u00eatre consid\u00e9r\u00e9s comme des cookies \u00ab\u00a0techniques\u00a0\u00bb ; dans le cas contraire, ils ne sont install\u00e9s <strong data-start=\"3291\" data-end=\"3315\">qu&rsquo;avec le consentement pr\u00e9alable<\/strong>. <\/p><h4 data-start=\"3358\" data-end=\"3390\">3.3 Cookies de fonctionnalit\u00e9<\/h4><p data-start=\"3391\" data-end=\"3642\">Cookies qui permettent \u00e0 l&rsquo;utilisateur de naviguer en fonction de crit\u00e8res s\u00e9lectionn\u00e9s (par exemple, la langue) afin d&rsquo;am\u00e9liorer le service rendu. S&rsquo;ils ne sont pas strictement n\u00e9cessaires, ils ne sont install\u00e9s <strong data-start=\"3577\" data-end=\"3601\">qu&rsquo;avec le consentement pr\u00e9alable<\/strong>. <\/p><h4 data-start=\"3644\" data-end=\"3698\">3.4 Cookies de profilage\/marketing (\u00e9ventuels)<\/h4><p data-start=\"3699\" data-end=\"3916\">S&rsquo;ils sont pr\u00e9sents, ce sont des cookies destin\u00e9s \u00e0 cr\u00e9er des profils relatifs \u00e0 l&rsquo;utilisateur et utilis\u00e9s pour envoyer des communications commerciales cibl\u00e9es ou pour des activit\u00e9s publicitaires. Ces cookies ne sont install\u00e9s <strong data-start=\"3891\" data-end=\"3915\">qu&rsquo;avec le consentement pr\u00e9alable<\/strong>. <\/p><hr data-start=\"3918\" data-end=\"3921\"><h3 data-start=\"3923\" data-end=\"3978\">4. Gestion du consentement (banni\u00e8re) et liste des cookies<\/h3><p data-start=\"3979\" data-end=\"4024\">Lors de l&rsquo;acc\u00e8s au site, une banni\u00e8re permet de :<\/p><ul data-start=\"4025\" data-end=\"4149\"><li data-start=\"4025\" data-end=\"4068\"><p data-start=\"4027\" data-end=\"4068\">accepter tous les cookies non n\u00e9cessaires ;<\/p><\/li><li data-start=\"4069\" data-end=\"4106\"><p data-start=\"4071\" data-end=\"4106\">refuser les cookies non n\u00e9cessaires ;<\/p><\/li><li data-start=\"4107\" data-end=\"4149\"><p data-start=\"4109\" data-end=\"4149\">configurer les pr\u00e9f\u00e9rences par cat\u00e9gories.<\/p><\/li><\/ul><p data-start=\"4151\" data-end=\"4319\">En fermant la banni\u00e8re sans donner son consentement aux cookies non n\u00e9cessaires, seuls les cookies techniques (n\u00e9cessaires) seront install\u00e9s.<\/p><p data-start=\"4321\" data-end=\"4667\"><strong data-start=\"4321\" data-end=\"4339\">Liste des cookies<\/strong> : la liste actualis\u00e9e des cookies effectivement utilis\u00e9s (avec leur nom, leur finalit\u00e9 et leur dur\u00e9e) est disponible directement <strong data-start=\"4459\" data-end=\"4494\">dans le panneau de gestion des cookies<\/strong>, accessible depuis la banni\u00e8re et\/ou via le lien \u00ab Param\u00e8tres des cookies \u00bb pr\u00e9sent sur le Site.<br data-start=\"4571\" data-end=\"4574\"><em data-start=\"4574\" data-end=\"4667\">(Ceci s\u2019explique par le fait que la liste peut varier en fonction des plugins, des services int\u00e9gr\u00e9s et des configurations.)<\/em><\/p><hr data-start=\"4669\" data-end=\"4672\"><h3 data-start=\"4674\" data-end=\"4728\">5. Suppression et gestion des cookies depuis le navigateur<\/h3><p data-start=\"4729\" data-end=\"5100\">L&rsquo;utilisateur peut configurer son navigateur pour accepter tous les cookies, recevoir des notifications lorsqu&rsquo;un cookie est envoy\u00e9 ou ne pas recevoir de cookies du tout. Pour la gestion (activation\/d\u00e9sactivation) selon le navigateur, il est possible de consulter les guides d&rsquo;assistance des principaux navigateurs (Edge, Safari, Chrome, Firefox, Opera). <\/p><hr data-start=\"5102\" data-end=\"5105\"><h3 data-start=\"5107\" data-end=\"5144\">6. Droits de l&rsquo;utilisateur et r\u00e9clamation<\/h3><p data-start=\"5145\" data-end=\"5520\">Pour toute information ou pour exercer les droits pr\u00e9vus aux articles 15 \u00e0 22 du RGPD, il est possible d\u2019envoyer un e-mail \u00e0 <a class=\"decorated-link cursor-pointer\" rel=\"noopener\" data-start=\"5253\" data-end=\"5291\"><strong data-start=\"5251\" data-end=\"5293\">ufficio.protocollo@comune.tirano.so.it .<\/strong><\/a> L\u2019utilisateur a \u00e9galement le droit d\u2019introduire une r\u00e9clamation aupr\u00e8s de <strong data-start=\"5346\" data-end=\"5394\">l\u2019Autorit\u00e9 de protection des donn\u00e9es personnelles s<\/strong>\u2019il estime que le traitement est effectu\u00e9 en violation de la r\u00e9glementation applicable.<\/p><hr data-start=\"5522\" data-end=\"5525\"><h3 data-start=\"5527\" data-end=\"5567\">7. Modifications de cette politique de cookies<\/h3><p data-start=\"5568\" data-end=\"5798\">De nouvelles r\u00e9glementations, des mises \u00e0 jour des cookies ou des innovations technologiques pourraient n\u00e9cessiter des modifications de cette politique. Nous invitons l&rsquo;utilisateur \u00e0 consulter p\u00e9riodiquement cette page. <\/p>\t\t\t\t\t\t\t\t<\/div>\n\t\t\t\t\t<\/div>\n\t\t\t\t<\/div>\n\t\t\t\t<\/div>\n\t\t","protected":false},"excerpt":{"rendered":"<p>Politique de cookies Politique de cookies \u2013 Visit Tirano Version mise \u00e0 jour le 30 d\u00e9cembre 2025 La pr\u00e9sente politique de cookies est fournie conform\u00e9ment au R\u00e8glement (UE) 2016\/679 (\u00ab\u00a0RGPD\u00a0\u00bb) et dans le respect de l&rsquo;article 122 du d\u00e9cret l\u00e9gislatif 196\/2003 (\u00ab\u00a0Code de la protection de la vie priv\u00e9e\u00a0\u00bb), ainsi que des d\u00e9cisions de l&rsquo;Autorit\u00e9 [&hellip;]<\/p>\n","protected":false},"author":2,"featured_media":0,"parent":0,"menu_order":0,"comment_status":"closed","ping_status":"closed","template":"","meta":{"_acf_changed":false,"footnotes":""},"class_list":["post-2144","page","type-page","status-publish","hentry"],"acf":[],"aioseo_notices":[],"_links":{"self":[{"href":"https:\/\/visit-tirano.it\/fr\/wp-json\/wp\/v2\/pages\/2144","targetHints":{"allow":["GET"]}}],"collection":[{"href":"https:\/\/visit-tirano.it\/fr\/wp-json\/wp\/v2\/pages"}],"about":[{"href":"https:\/\/visit-tirano.it\/fr\/wp-json\/wp\/v2\/types\/page"}],"author":[{"embeddable":true,"href":"https:\/\/visit-tirano.it\/fr\/wp-json\/wp\/v2\/users\/2"}],"replies":[{"embeddable":true,"href":"https:\/\/visit-tirano.it\/fr\/wp-json\/wp\/v2\/comments?post=2144"}],"version-history":[{"count":9,"href":"https:\/\/visit-tirano.it\/fr\/wp-json\/wp\/v2\/pages\/2144\/revisions"}],"predecessor-version":[{"id":4921,"href":"https:\/\/visit-tirano.it\/fr\/wp-json\/wp\/v2\/pages\/2144\/revisions\/4921"}],"wp:attachment":[{"href":"https:\/\/visit-tirano.it\/fr\/wp-json\/wp\/v2\/media?parent=2144"}],"curies":[{"name":"wp","href":"https:\/\/api.w.org\/{rel}","templated":true}]}}