{"id":2413,"date":"2025-12-30T07:20:45","date_gmt":"2025-12-30T07:20:45","guid":{"rendered":"https:\/\/testsitedemo.it\/politique-de-confidentialite\/"},"modified":"2026-02-05T07:44:10","modified_gmt":"2026-02-05T07:44:10","slug":"politique-de-confidentialite","status":"publish","type":"page","link":"https:\/\/visit-tirano.it\/fr\/politique-de-confidentialite\/","title":{"rendered":"PRIVACY POLICY-FR"},"content":{"rendered":"\t\t<div data-elementor-type=\"wp-page\" data-elementor-id=\"2413\" class=\"elementor elementor-2413 elementor-1004\" data-elementor-post-type=\"page\">\n\t\t\t\t<div class=\"elementor-element elementor-element-7827402 e-flex e-con-boxed e-con e-parent\" data-id=\"7827402\" data-element_type=\"container\" data-e-type=\"container\">\n\t\t\t\t\t<div class=\"e-con-inner\">\n\t\t\t\t<div class=\"elementor-element elementor-element-69b57ef elementor-widget elementor-widget-heading\" data-id=\"69b57ef\" data-element_type=\"widget\" data-e-type=\"widget\" data-widget_type=\"heading.default\">\n\t\t\t\t\t<h1 class=\"elementor-heading-title elementor-size-default\">Politique de confidentialit\u00e9<\/h1>\t\t\t\t<\/div>\n\t\t\t\t<div class=\"elementor-element elementor-element-7ff5234 elementor-widget elementor-widget-text-editor\" data-id=\"7ff5234\" data-element_type=\"widget\" data-e-type=\"widget\" data-widget_type=\"text-editor.default\">\n\t\t\t\t\t\t\t\t\t<h2 data-start=\"427\" data-end=\"460\">Information sur la politique de confidentialit\u00e9 \u2013 Visit Tirano<\/h2><p data-start=\"461\" data-end=\"504\"><strong data-start=\"461\" data-end=\"504\">Version mise \u00e0 jour le 30 d\u00e9cembre 2025<\/strong><\/p><p data-start=\"548\" data-end=\"728\">La protection de la vie priv\u00e9e et la s\u00e9curit\u00e9 des donn\u00e9es personnelles des utilisateurs sont importantes. Les donn\u00e9es personnelles sont collect\u00e9es et trait\u00e9es avec attention et avec des mesures de s\u00e9curit\u00e9 ad\u00e9quates. <\/p><p data-start=\"730\" data-end=\"1099\">La pr\u00e9sente politique d\u2019information d\u00e9crit les modalit\u00e9s de traitement des donn\u00e9es personnelles des utilisateurs qui consultent le site web <strong data-start=\"849\" data-end=\"865\">Visit Tirano.<\/strong> La pr\u00e9sente politique d\u2019information est fournie conform\u00e9ment aux articles 13 et 14 du R\u00e8glement (UE) 2016\/679 (\u00ab RGPD \u00bb) et s\u2019applique exclusivement au Site ; elle ne s\u2019\u00e9tend pas \u00e0 d\u2019autres sites web \u00e9ventuellement consultables via des liens hypertextes.<\/p><hr data-start=\"1101\" data-end=\"1104\"><h3 data-start=\"1106\" data-end=\"1138\">1) Responsable du traitement<\/h3><p data-start=\"1139\" data-end=\"1298\">Le Responsable du traitement est <strong data-start=\"1169\" data-end=\"1189\">Commune de Tirano<\/strong>, ayant son si\u00e8ge \u00e0 <strong data-start=\"1203\" data-end=\"1244\">Piazza Cavour, 18 \u2013 23037 Tirano (SO)<\/strong>, e-mail : <strong data-start=\"1254\" data-end=\"1296\"><a class=\"decorated-link cursor-pointer\" rel=\"noopener\" data-start=\"1256\" data-end=\"1294\">ufficio.protocollo@comune.tirano.so.it<\/a><\/strong>.<\/p><hr data-start=\"1300\" data-end=\"1303\"><h3 data-start=\"1305\" data-end=\"1357\">2) D\u00e9l\u00e9gu\u00e9 \u00e0 la protection des donn\u00e9es (DPO)<\/h3><p data-start=\"1358\" data-end=\"1434\">Pour des informations sur le DPO, contactez le Responsable aux coordonn\u00e9es indiqu\u00e9es ci-dessus.<\/p><hr data-start=\"1436\" data-end=\"1439\"><h3 data-start=\"1441\" data-end=\"1475\">3) Types de donn\u00e9es trait\u00e9es<\/h3><h4 data-start=\"1477\" data-end=\"1506\">3.1 Donn\u00e9es de navigation<\/h4><p data-start=\"1507\" data-end=\"1742\">Les syst\u00e8mes informatiques et les proc\u00e9dures logicielles pr\u00e9pos\u00e9es au fonctionnement du Site acqui\u00e8rent, au cours de l&rsquo;exercice normal, certaines donn\u00e9es personnelles dont la transmission est implicite dans l&rsquo;utilisation des protocoles de communication d&rsquo;Internet.<\/p><p data-start=\"1744\" data-end=\"2121\">Dans cette cat\u00e9gorie entrent, \u00e0 titre d&rsquo;exemple : adresses IP ou noms de domaine des dispositifs utilis\u00e9s par les utilisateurs, adresses URI\/URL des ressources demand\u00e9es, horaire de la demande, m\u00e9thode utilis\u00e9e, taille du fichier en r\u00e9ponse, code de statut de la r\u00e9ponse du serveur et autres param\u00e8tres relatifs au syst\u00e8me d&rsquo;exploitation et \u00e0 l&rsquo;environnement informatique de l&rsquo;utilisateur.<\/p><p data-start=\"2123\" data-end=\"2294\">Ces donn\u00e9es sont trait\u00e9es pour permettre l&rsquo;utilisation du Site, \u00e0 des fins statistiques agr\u00e9g\u00e9es et pour v\u00e9rifier le bon fonctionnement et la s\u00e9curit\u00e9 des services.<\/p><p data-start=\"2296\" data-end=\"2528\"><strong data-start=\"2296\" data-end=\"2314\">Conservation :<\/strong> les donn\u00e9es de navigation\/log ne persistent pas, en r\u00e8gle g\u00e9n\u00e9rale, plus de <strong data-start=\"2379\" data-end=\"2392\">60 jours<\/strong> et sont supprim\u00e9es apr\u00e8s leur agr\u00e9gation, sauf \u00e9ventuels besoins de v\u00e9rification de d\u00e9lits de la part de l&rsquo;Autorit\u00e9 judiciaire.<\/p><h4 data-start=\"2530\" data-end=\"2568\">3.2 Cookies et technologies analogues<\/h4><p data-start=\"2569\" data-end=\"2820\">Pour des informations d\u00e9taill\u00e9es sur les cookies et outils similaires (types, finalit\u00e9s, dur\u00e9es de conservation, modalit\u00e9s de d\u00e9sactivation), l&rsquo;utilisateur est invit\u00e9 \u00e0 consulter la <strong data-start=\"2741\" data-end=\"2758\">Politique des cookies<\/strong> du Site :<strong><em> <a href=\"https:\/\/visit-tirano.it\/fr\/politique-de-cookies\/\">Page Politique des cookies<\/a>.<\/em><\/strong><\/p><p data-start=\"2822\" data-end=\"2978\"><em data-start=\"2822\" data-end=\"2977\">(Si Visit Tirano utilise la Politique des cookies de la Commune, vous pouvez maintenir cette r\u00e9f\u00e9rence. La politique des cookies de la Commune est publi\u00e9e sur le site institutionnel.)<\/em><\/p><h4 data-start=\"2980\" data-end=\"3030\">3.3 Donn\u00e9es fournies volontairement par l&rsquo;utilisateur<\/h4><p data-start=\"3031\" data-end=\"3349\">L&rsquo;envoi facultatif, explicite et volontaire de messages aux adresses de contact indiqu\u00e9es sur le Site, ainsi que la compilation et l&rsquo;envoi d&rsquo;\u00e9ventuels formulaires pr\u00e9sents, comportent l&rsquo;acquisition des donn\u00e9es de contact de l&rsquo;exp\u00e9diteur et des donn\u00e9es personnelles incluses dans la communication, n\u00e9cessaires pour r\u00e9pondre aux demandes.<\/p><p data-start=\"3351\" data-end=\"3433\">La fourniture de ces donn\u00e9es est facultative, mais n\u00e9cessaire pour obtenir une r\u00e9ponse.<\/p><p data-start=\"3435\" data-end=\"3629\">Le Responsable ne collecte pas et ne traite pas intentionnellement de donn\u00e9es personnelles relatives aux mineurs. En acc\u00e9dant au Site et en utilisant les services offerts, l&rsquo;utilisateur d\u00e9clare avoir atteint la majorit\u00e9. <\/p><hr data-start=\"3631\" data-end=\"3634\"><h3 data-start=\"3636\" data-end=\"3685\">4) Finalit\u00e9s et base juridique du traitement<\/h3><p data-start=\"3686\" data-end=\"3755\">Les donn\u00e9es personnelles sont trait\u00e9es par le Responsable pour les finalit\u00e9s suivantes :<\/p><ol data-start=\"3757\" data-end=\"4155\"><li data-start=\"3757\" data-end=\"3990\"><p data-start=\"3760\" data-end=\"3990\"><strong data-start=\"3760\" data-end=\"3808\">Gestion des demandes envoy\u00e9es par l\u2019utilisateur <\/strong>(informations, assistance, contacts).<br data-start=\"3846\" data-end=\"3849\"><strong data-start=\"3849\" data-end=\"3868\">Base juridique <\/strong>: ex\u00e9cution de mesures pr\u00e9contractuelles\/contractuelles prises \u00e0 la demande de la personne concern\u00e9e (art. 6, par. 1, let. b du RGPD).<\/p><\/li><li data-start=\"3992\" data-end=\"4155\"><p data-start=\"3995\" data-end=\"4155\"><strong data-start=\"3995\" data-end=\"4066\">Fonctionnement, maintenance, s\u00e9curit\u00e9 du Site et pr\u00e9vention des abus.<\/strong><br data-start=\"4067\" data-end=\"4070\"><strong data-start=\"4070\" data-end=\"4089\">Base juridique : <\/strong>int\u00e9r\u00eat l\u00e9gitime du Responsable du traitement (art. 6, par. 1, let. f du RGPD).<\/p><\/li><\/ol><hr data-start=\"4157\" data-end=\"4160\"><h3 data-start=\"4162\" data-end=\"4208\">5) Modalit\u00e9s du traitement et destinataires<\/h3><p data-start=\"4209\" data-end=\"4441\">Le traitement s&rsquo;effectue avec des outils \u00e9lectroniques et selon des modalit\u00e9s strictement li\u00e9es aux finalit\u00e9s indiqu\u00e9es ci-dessus. Des mesures de s\u00e9curit\u00e9 ad\u00e9quates sont adopt\u00e9es pour pr\u00e9venir la perte de donn\u00e9es, les usages illicites ou les acc\u00e8s non autoris\u00e9s. <\/p><p data-start=\"4443\" data-end=\"4700\">Les donn\u00e9es peuvent \u00eatre trait\u00e9es par le personnel autoris\u00e9 du <strong data-start=\"4558\" data-end=\"4590\">Responsable du traitement <\/strong>ainsi que par des prestataires techniques d\u00e9sign\u00e9s, le cas \u00e9ch\u00e9ant, en tant que Sous-traitants (par ex. h\u00e9bergement, maintenance, assistance technique). La liste des Sous-traitants peut \u00eatre demand\u00e9e au Responsable du traitement.<\/p><hr data-start=\"4702\" data-end=\"4705\"><h3 data-start=\"4707\" data-end=\"4739\">6) P\u00e9riode de conservation<\/h3><ul data-start=\"4740\" data-end=\"4943\"><li data-start=\"4740\" data-end=\"4841\"><p data-start=\"4742\" data-end=\"4841\">Donn\u00e9es envoy\u00e9es via contacts\/formulaires : conserv\u00e9es le temps n\u00e9cessaire pour g\u00e9rer la demande.<\/p><\/li><li data-start=\"4842\" data-end=\"4943\"><p data-start=\"4844\" data-end=\"4943\">Donn\u00e9es de navigation\/log : conserv\u00e9es, en r\u00e8gle g\u00e9n\u00e9rale, pendant <strong data-start=\"4896\" data-end=\"4909\">60 jours<\/strong>, sauf exceptions indiqu\u00e9es ci-dessus.<\/p><\/li><\/ul><hr data-start=\"4945\" data-end=\"4948\"><h3 data-start=\"4950\" data-end=\"4982\">7) Droits de la personne concern\u00e9e<\/h3><p data-start=\"4983\" data-end=\"5315\">La personne concern\u00e9e peut exercer les droits pr\u00e9vus par les art. 15 et suivants du RGPD (acc\u00e8s, rectification, suppression, limitation, opposition, portabilit\u00e9, le cas \u00e9ch\u00e9ant) en contactant le Responsable \u00e0 l&rsquo;adresse <strong data-start=\"5191\" data-end=\"5233\"><a class=\"decorated-link cursor-pointer\" rel=\"noopener\" data-start=\"5193\" data-end=\"5231\">ufficio.protocollo@comune.tirano.so.it<\/a><\/strong> ou en \u00e9crivant \u00e0 <strong data-start=\"5253\" data-end=\"5313\">Commune de Tirano \u2013 Piazza Cavour, 18 \u2013 23037 Tirano (SO)<\/strong>.<\/p><p data-start=\"5317\" data-end=\"5435\">Il est \u00e9galement possible de d\u00e9poser une r\u00e9clamation aupr\u00e8s du <strong data-start=\"5357\" data-end=\"5405\">Garant pour la protection des donn\u00e9es personnelles<\/strong>, si les conditions sont r\u00e9unies.<\/p><hr data-start=\"5437\" data-end=\"5440\"><h3 data-start=\"5442\" data-end=\"5463\">8) Mises \u00e0 jour<\/h3><p data-start=\"5464\" data-end=\"5630\">La pr\u00e9sente information peut faire l&rsquo;objet de mises \u00e0 jour. La version mise \u00e0 jour est publi\u00e9e sur cette page avec indication de la date de derni\u00e8re mise \u00e0 jour. <\/p>\t\t\t\t\t\t\t\t<\/div>\n\t\t\t\t\t<\/div>\n\t\t\t\t<\/div>\n\t\t\t\t<\/div>\n\t\t","protected":false},"excerpt":{"rendered":"<p>Politique de confidentialit\u00e9 Information sur la politique de confidentialit\u00e9 \u2013 Visit Tirano Version mise \u00e0 jour le 30 d\u00e9cembre 2025 La protection de la vie priv\u00e9e et la s\u00e9curit\u00e9 des donn\u00e9es personnelles des utilisateurs sont importantes. Les donn\u00e9es personnelles sont collect\u00e9es et trait\u00e9es avec attention et avec des mesures de s\u00e9curit\u00e9 ad\u00e9quates. La pr\u00e9sente politique [&hellip;]<\/p>\n","protected":false},"author":2,"featured_media":0,"parent":0,"menu_order":0,"comment_status":"closed","ping_status":"closed","template":"","meta":{"_acf_changed":false,"footnotes":""},"class_list":["post-2413","page","type-page","status-publish","hentry"],"acf":[],"aioseo_notices":[],"_links":{"self":[{"href":"https:\/\/visit-tirano.it\/fr\/wp-json\/wp\/v2\/pages\/2413","targetHints":{"allow":["GET"]}}],"collection":[{"href":"https:\/\/visit-tirano.it\/fr\/wp-json\/wp\/v2\/pages"}],"about":[{"href":"https:\/\/visit-tirano.it\/fr\/wp-json\/wp\/v2\/types\/page"}],"author":[{"embeddable":true,"href":"https:\/\/visit-tirano.it\/fr\/wp-json\/wp\/v2\/users\/2"}],"replies":[{"embeddable":true,"href":"https:\/\/visit-tirano.it\/fr\/wp-json\/wp\/v2\/comments?post=2413"}],"version-history":[{"count":15,"href":"https:\/\/visit-tirano.it\/fr\/wp-json\/wp\/v2\/pages\/2413\/revisions"}],"predecessor-version":[{"id":4928,"href":"https:\/\/visit-tirano.it\/fr\/wp-json\/wp\/v2\/pages\/2413\/revisions\/4928"}],"wp:attachment":[{"href":"https:\/\/visit-tirano.it\/fr\/wp-json\/wp\/v2\/media?parent=2413"}],"curies":[{"name":"wp","href":"https:\/\/api.w.org\/{rel}","templated":true}]}}