{"id":2424,"date":"2026-01-07T07:51:20","date_gmt":"2026-01-07T07:51:20","guid":{"rendered":"https:\/\/testsitedemo.it\/sanctuaire-de-la-madonna-de-tirano\/"},"modified":"2026-03-24T11:18:31","modified_gmt":"2026-03-24T11:18:31","slug":"sanctuaire-de-la-madonna-de-tirano","status":"publish","type":"page","link":"https:\/\/visit-tirano.it\/fr\/sanctuaire-de-la-madonna-de-tirano\/","title":{"rendered":"SANCTUAIRE DE LA MADONNA DE TIRANO"},"content":{"rendered":"\t\t<div data-elementor-type=\"wp-page\" data-elementor-id=\"2424\" class=\"elementor elementor-2424 elementor-1150\" data-elementor-post-type=\"page\">\n\t\t\t\t<div class=\"elementor-element elementor-element-2fbecd51 e-con-full elementor-hidden-tablet elementor-hidden-mobile e-flex e-con e-parent\" data-id=\"2fbecd51\" data-element_type=\"container\" data-e-type=\"container\" data-settings=\"{&quot;background_background&quot;:&quot;classic&quot;}\">\n\t\t\t\t<div class=\"elementor-element elementor-element-55d41f83 elementor-widget elementor-widget-heading\" data-id=\"55d41f83\" data-element_type=\"widget\" data-e-type=\"widget\" data-widget_type=\"heading.default\">\n\t\t\t\t\t<h1 class=\"elementor-heading-title elementor-size-default\">Visiter le Sanctuaire de la Madonna de Tirano<\/h1>\t\t\t\t<\/div>\n\t\t\t\t<\/div>\n\t\t<div class=\"elementor-element elementor-element-3805de0d e-con-full elementor-hidden-mobile elementor-hidden-desktop e-flex e-con e-parent\" data-id=\"3805de0d\" data-element_type=\"container\" data-e-type=\"container\" data-settings=\"{&quot;background_background&quot;:&quot;classic&quot;}\">\n\t\t\t\t<div class=\"elementor-element elementor-element-20b99782 elementor-widget elementor-widget-heading\" data-id=\"20b99782\" data-element_type=\"widget\" data-e-type=\"widget\" data-widget_type=\"heading.default\">\n\t\t\t\t\t<h1 class=\"elementor-heading-title elementor-size-default\">Visiter le Sanctuaire de la Madonna de Tirano<\/h1>\t\t\t\t<\/div>\n\t\t\t\t<\/div>\n\t\t<div class=\"elementor-element elementor-element-459f8c76 e-con-full elementor-hidden-tablet elementor-hidden-desktop e-flex e-con e-parent\" data-id=\"459f8c76\" data-element_type=\"container\" data-e-type=\"container\" data-settings=\"{&quot;background_background&quot;:&quot;classic&quot;}\">\n\t\t\t\t<div class=\"elementor-element elementor-element-4103310a elementor-widget elementor-widget-heading\" data-id=\"4103310a\" data-element_type=\"widget\" data-e-type=\"widget\" data-widget_type=\"heading.default\">\n\t\t\t\t\t<h1 class=\"elementor-heading-title elementor-size-default\">Visiter le Sanctuaire de la Madonna de Tirano<\/h1>\t\t\t\t<\/div>\n\t\t\t\t<\/div>\n\t\t<div class=\"elementor-element elementor-element-1d7bde8 e-con-full e-flex e-con e-parent\" data-id=\"1d7bde8\" data-element_type=\"container\" data-e-type=\"container\">\n\t\t<div class=\"elementor-element elementor-element-5444000 e-con-full e-flex e-con e-child\" data-id=\"5444000\" data-element_type=\"container\" data-e-type=\"container\">\n\t\t\t\t<div class=\"elementor-element elementor-element-78cb6b2 elementor-widget__width-auto elementor-widget elementor-widget-text-editor\" data-id=\"78cb6b2\" data-element_type=\"widget\" data-e-type=\"widget\" data-widget_type=\"text-editor.default\">\n\t\t\t\t\t\t\t\t\t<p><strong>Informations utiles<br><\/strong><br><strong>Horaires d&rsquo;ouverture<\/strong> :<br>Tous les jours <br>de <strong>7h00<\/strong> \u00e0 <strong>12h00<\/strong>  <br>de <strong>14h30<\/strong> \u00e0 <strong>19h00<\/strong>  <\/p><p><strong>Entr\u00e9e libre<\/strong><\/p><p><strong>Adresse<\/strong>  <br>Piazza Basilica, 1 &#8211; 23037 Tirano (So)<\/p><p><a href=\"https:\/\/www.santuariomadonnaditirano.it\/\" target=\"_blank\" rel=\"noopener\">SITE WEB DU SANCTUAIRE<\/a><\/p>\t\t\t\t\t\t\t\t<\/div>\n\t\t\t\t<\/div>\n\t\t<div class=\"elementor-element elementor-element-feab5f6 e-con-full e-flex e-con e-child\" data-id=\"feab5f6\" data-element_type=\"container\" data-e-type=\"container\">\n\t\t<div class=\"elementor-element elementor-element-503c29f e-con-full e-flex e-con e-child\" data-id=\"503c29f\" data-element_type=\"container\" data-e-type=\"container\">\n\t\t\t\t<div class=\"elementor-element elementor-element-53660db elementor-widget elementor-widget-heading\" data-id=\"53660db\" data-element_type=\"widget\" data-e-type=\"widget\" data-widget_type=\"heading.default\">\n\t\t\t\t\t<h2 class=\"elementor-heading-title elementor-size-default\">Histoire <\/h2>\t\t\t\t<\/div>\n\t\t\t\t<div class=\"elementor-element elementor-element-08c046b elementor-widget elementor-widget-text-editor\" data-id=\"08c046b\" data-element_type=\"widget\" data-e-type=\"widget\" data-widget_type=\"text-editor.default\">\n\t\t\t\t\t\t\t\t\t<p>La Basilique de la Madone de Tirano est n\u00e9e d&rsquo;un \u00e9v\u00e9nement qui a profond\u00e9ment marqu\u00e9 l&rsquo;histoire de la ville et du territoire. Selon la tradition, en 1504, la <strong>Vierge Marie apparut \u00e0 Mario Omodei<\/strong> en promettant la fin de la peste qui affligeait la Valteline. <br><br>En signe de gratitude, la Basilique de <strong>style Renaissance lombard<\/strong> fut \u00e9rig\u00e9e, achev\u00e9e dans ses parties essentielles en 1513, consacr\u00e9e en 1528 et \u00e9lev\u00e9e au rang de Basilique romaine mineure en 1927 par le Pape Pie XI. \u00c9difi\u00e9e sur le<strong> jardin de l\u2019Apparition,<\/strong> offert par le chevalier <strong>Luigi Quadrio, <\/strong>elle fut r\u00e9alis\u00e9e par des ma\u00eetres d\u2019\u0153uvre de haut niveau tels que <strong>les fr\u00e8res Rodari <\/strong>et <strong>Alessandro della Scala.<\/strong> <br><br>Autour de la Basilique s&rsquo;est d\u00e9velopp\u00e9 le quartier de Madonna de Tirano, qui est rapidement devenu un centre de p\u00e8lerinage et un symbole identitaire pour toute la vall\u00e9e.<\/p>\t\t\t\t\t\t\t\t<\/div>\n\t\t\t\t<\/div>\n\t\t<div class=\"elementor-element elementor-element-2aee530 e-con-full e-flex e-con e-child\" data-id=\"2aee530\" data-element_type=\"container\" data-e-type=\"container\">\n\t\t\t\t<div class=\"elementor-element elementor-element-bba9c8a elementor-widget elementor-widget-heading\" data-id=\"bba9c8a\" data-element_type=\"widget\" data-e-type=\"widget\" data-widget_type=\"heading.default\">\n\t\t\t\t\t<h2 class=\"elementor-heading-title elementor-size-default\">Art et architecture<\/h2>\t\t\t\t<\/div>\n\t\t\t\t<div class=\"elementor-element elementor-element-0729ab5 elementor-widget elementor-widget-text-editor\" data-id=\"0729ab5\" data-element_type=\"widget\" data-e-type=\"widget\" data-widget_type=\"text-editor.default\">\n\t\t\t\t\t\t\t\t\t<p>La Basilique de la Madone de Tirano, avec ses <strong>trois nefs en croix latine<\/strong>, est l&rsquo;un des exemples les plus significatifs de l&rsquo;<strong>architecture Renaissance locale<\/strong>, mise en valeur par les espaces de la place qui exaltent ses proportions, et enrichie au fil des si\u00e8cles par des interventions d\u00e9coratives de grande qualit\u00e9. L&rsquo;<strong>agencement harmonieux<\/strong> et la <strong>fa\u00e7ade sobre<\/strong> dialoguent avec des <strong>int\u00e9rieurs richement orn\u00e9s<\/strong>. <\/p><p>Le c\u0153ur spirituel du complexe est le <strong>Scurolo<\/strong>, sous l&rsquo;autel de l&rsquo;Apparition, lieu d&rsquo;intense d\u00e9votion. T\u00e9moignant de sa valeur, on y trouve la <strong>v\u00e9n\u00e9r\u00e9e statue en bois polychrome de la Madonna de Tirano<\/strong>, proclam\u00e9e en 1946 <strong>\u00ab\u00a0C\u00e9leste Patronne de la Valteline\u00a0\u00bb<\/strong>. <\/p><p>La <strong>fa\u00e7ade<\/strong> rythm\u00e9e par des pilastres, des oculi et le riche portail sculpt\u00e9, la <strong>tour du clocher<\/strong> de style roman, la <strong>coupole<\/strong> du XVIe si\u00e8cle et le monumental <strong>orgue<\/strong> en bois baroque du XVIIe si\u00e8cle expriment le <strong>dialogue entre la gr\u00e2ce divine, l&rsquo;art et la mesure humaine<\/strong>.<\/p>\t\t\t\t\t\t\t\t<\/div>\n\t\t\t\t<\/div>\n\t\t\t\t<\/div>\n\t\t\t\t<\/div>\n\t\t<div class=\"elementor-element elementor-element-b1f7244 e-con-full e-flex e-con e-parent\" data-id=\"b1f7244\" data-element_type=\"container\" data-e-type=\"container\">\n\t\t\t\t<div class=\"elementor-element elementor-element-15d607c elementor-arrows-position-inside elementor-pagination-position-outside elementor-widget elementor-widget-image-carousel\" data-id=\"15d607c\" data-element_type=\"widget\" data-e-type=\"widget\" data-settings=\"{&quot;image_spacing_custom&quot;:{&quot;unit&quot;:&quot;px&quot;,&quot;size&quot;:50,&quot;sizes&quot;:[]},&quot;navigation&quot;:&quot;both&quot;,&quot;autoplay&quot;:&quot;yes&quot;,&quot;pause_on_hover&quot;:&quot;yes&quot;,&quot;pause_on_interaction&quot;:&quot;yes&quot;,&quot;autoplay_speed&quot;:5000,&quot;infinite&quot;:&quot;yes&quot;,&quot;speed&quot;:500,&quot;image_spacing_custom_tablet&quot;:{&quot;unit&quot;:&quot;px&quot;,&quot;size&quot;:&quot;&quot;,&quot;sizes&quot;:[]},&quot;image_spacing_custom_mobile&quot;:{&quot;unit&quot;:&quot;px&quot;,&quot;size&quot;:&quot;&quot;,&quot;sizes&quot;:[]}}\" data-widget_type=\"image-carousel.default\">\n\t\t\t\t\t\t\t<div class=\"elementor-image-carousel-wrapper swiper\" role=\"region\" aria-roledescription=\"carousel\" aria-label=\"Carosello d&#039;immagini\" dir=\"ltr\">\n\t\t\t<div class=\"elementor-image-carousel swiper-wrapper\" aria-live=\"off\">\n\t\t\t\t\t\t\t\t<div class=\"swiper-slide\" role=\"group\" aria-roledescription=\"slide\" aria-label=\"1 sur 10\"><figure class=\"swiper-slide-inner\"><img decoding=\"async\" class=\"swiper-slide-image\" src=\"https:\/\/visit-tirano.it\/wp-content\/uploads\/elementor\/thumbs\/1-scaled-rhqy0ipqmu5fblusfjch8b1m6q158hifakszddzguo.jpg\" alt=\"#image_title\" \/><\/figure><\/div><div class=\"swiper-slide\" role=\"group\" aria-roledescription=\"slide\" aria-label=\"2 sur 10\"><figure class=\"swiper-slide-inner\"><img decoding=\"async\" class=\"swiper-slide-image\" src=\"https:\/\/visit-tirano.it\/wp-content\/uploads\/elementor\/thumbs\/2-scaled-rhqy1gjxgvfqxkhmxxz1q2i7klecxl8rf8agnclamo.jpg\" alt=\"#image_title\" \/><\/figure><\/div><div class=\"swiper-slide\" role=\"group\" aria-roledescription=\"slide\" aria-label=\"3 sur 10\"><figure class=\"swiper-slide-inner\"><img decoding=\"async\" class=\"swiper-slide-image\" src=\"https:\/\/visit-tirano.it\/wp-content\/uploads\/elementor\/thumbs\/3-scaled-rhqy1pybd7sm5o3zf21bf04tig412ka2sitbg47cwg.jpg\" alt=\"#image_title\" \/><\/figure><\/div><div class=\"swiper-slide\" role=\"group\" aria-roledescription=\"slide\" aria-label=\"4 sur 10\"><figure class=\"swiper-slide-inner\"><img decoding=\"async\" class=\"swiper-slide-image\" src=\"https:\/\/visit-tirano.it\/wp-content\/uploads\/elementor\/thumbs\/4-scaled-rhqy1xh0vw2wqjt275abyy8i9j2ys53xhk17abw7io.jpg\" alt=\"#image_title\" \/><\/figure><\/div><div class=\"swiper-slide\" role=\"group\" aria-roledescription=\"slide\" aria-label=\"5 sur 10\"><figure class=\"swiper-slide-inner\"><img decoding=\"async\" class=\"swiper-slide-image\" src=\"https:\/\/visit-tirano.it\/wp-content\/uploads\/elementor\/thumbs\/5-scaled-rhqy241w7qbwztji4q4pyekqf86ja0u1uglln9mgb4.jpg\" alt=\"#image_title\" \/><\/figure><\/div><div class=\"swiper-slide\" role=\"group\" aria-roledescription=\"slide\" aria-label=\"6 sur 10\"><figure class=\"swiper-slide-inner\"><img decoding=\"async\" class=\"swiper-slide-image\" src=\"https:\/\/visit-tirano.it\/wp-content\/uploads\/elementor\/thumbs\/6-scaled-rhqy2cifx8nhwb77rbsd2ufvrp0u7armvmgyyr9wr4.jpg\" alt=\"#image_title\" \/><\/figure><\/div><div class=\"swiper-slide\" role=\"group\" aria-roledescription=\"slide\" aria-label=\"7 sur 10\"><figure class=\"swiper-slide-inner\"><img decoding=\"async\" class=\"swiper-slide-image\" src=\"https:\/\/visit-tirano.it\/wp-content\/uploads\/elementor\/thumbs\/7-rhqy2g9soksn6r1r5devcthq58ib236k852wvv4c28.jpg\" alt=\"#image_title\" \/><\/figure><\/div><div class=\"swiper-slide\" role=\"group\" aria-roledescription=\"slide\" aria-label=\"8 sur 10\"><figure class=\"swiper-slide-inner\"><img decoding=\"async\" class=\"swiper-slide-image\" src=\"https:\/\/visit-tirano.it\/wp-content\/uploads\/elementor\/thumbs\/8-rhqy2j3b92wi5kxnowmr2as3xe4ep6hr8j1dbp05jk.jpg\" alt=\"#image_title\" \/><\/figure><\/div><div class=\"swiper-slide\" role=\"group\" aria-roledescription=\"slide\" aria-label=\"9 sur 10\"><figure class=\"swiper-slide-inner\"><img decoding=\"async\" class=\"swiper-slide-image\" src=\"https:\/\/visit-tirano.it\/wp-content\/uploads\/elementor\/thumbs\/9-scaled-rhqy2lwttl0d4etk8fumrs2hpjqic9sy8wztrivz0w.jpg\" alt=\"#image_title\" \/><\/figure><\/div><div class=\"swiper-slide\" role=\"group\" aria-roledescription=\"slide\" aria-label=\"10 sur 10\"><figure class=\"swiper-slide-inner\"><img decoding=\"async\" class=\"swiper-slide-image\" src=\"https:\/\/visit-tirano.it\/wp-content\/uploads\/elementor\/thumbs\/10-scaled-rhqy2po6kx5ieuo3mhh51r4c337z727vlflromqec0.jpg\" alt=\"#image_title\" \/><\/figure><\/div>\t\t\t<\/div>\n\t\t\t\t\t\t\t\t\t\t\t\t<div class=\"elementor-swiper-button elementor-swiper-button-prev\" role=\"button\" tabindex=\"0\">\n\t\t\t\t\t\t<svg aria-hidden=\"true\" class=\"e-font-icon-svg e-eicon-chevron-left\" viewBox=\"0 0 1000 1000\" xmlns=\"http:\/\/www.w3.org\/2000\/svg\"><path d=\"M646 125C629 125 613 133 604 142L308 442C296 454 292 471 292 487 292 504 296 521 308 533L604 854C617 867 629 875 646 875 663 875 679 871 692 858 704 846 713 829 713 812 713 796 708 779 692 767L438 487 692 225C700 217 708 204 708 187 708 171 704 154 692 142 675 129 663 125 646 125Z\"><\/path><\/svg>\t\t\t\t\t<\/div>\n\t\t\t\t\t<div class=\"elementor-swiper-button elementor-swiper-button-next\" role=\"button\" tabindex=\"0\">\n\t\t\t\t\t\t<svg aria-hidden=\"true\" class=\"e-font-icon-svg e-eicon-chevron-right\" viewBox=\"0 0 1000 1000\" xmlns=\"http:\/\/www.w3.org\/2000\/svg\"><path d=\"M696 533C708 521 713 504 713 487 713 471 708 454 696 446L400 146C388 133 375 125 354 125 338 125 325 129 313 142 300 154 292 171 292 187 292 204 296 221 308 233L563 492 304 771C292 783 288 800 288 817 288 833 296 850 308 863 321 871 338 875 354 875 371 875 388 867 400 854L696 533Z\"><\/path><\/svg>\t\t\t\t\t<\/div>\n\t\t\t\t\n\t\t\t\t\t\t\t\t\t<div class=\"swiper-pagination\"><\/div>\n\t\t\t\t\t\t\t\t\t<\/div>\n\t\t\t\t\t\t<\/div>\n\t\t\t\t<\/div>\n\t\t\t\t<\/div>\n\t\t","protected":false},"excerpt":{"rendered":"<p>Visiter le Sanctuaire de la Madonna de Tirano Visiter le Sanctuaire de la Madonna de Tirano Visiter le Sanctuaire de la Madonna de Tirano Informations utilesHoraires d&rsquo;ouverture :Tous les jours de 7h00 \u00e0 12h00 de 14h30 \u00e0 19h00 Entr\u00e9e libre Adresse Piazza Basilica, 1 &#8211; 23037 Tirano (So) SITE WEB DU SANCTUAIRE Histoire La Basilique [&hellip;]<\/p>\n","protected":false},"author":2,"featured_media":0,"parent":0,"menu_order":0,"comment_status":"closed","ping_status":"closed","template":"","meta":{"_acf_changed":false,"footnotes":""},"class_list":["post-2424","page","type-page","status-publish","hentry"],"acf":[],"aioseo_notices":[],"_links":{"self":[{"href":"https:\/\/visit-tirano.it\/fr\/wp-json\/wp\/v2\/pages\/2424","targetHints":{"allow":["GET"]}}],"collection":[{"href":"https:\/\/visit-tirano.it\/fr\/wp-json\/wp\/v2\/pages"}],"about":[{"href":"https:\/\/visit-tirano.it\/fr\/wp-json\/wp\/v2\/types\/page"}],"author":[{"embeddable":true,"href":"https:\/\/visit-tirano.it\/fr\/wp-json\/wp\/v2\/users\/2"}],"replies":[{"embeddable":true,"href":"https:\/\/visit-tirano.it\/fr\/wp-json\/wp\/v2\/comments?post=2424"}],"version-history":[{"count":9,"href":"https:\/\/visit-tirano.it\/fr\/wp-json\/wp\/v2\/pages\/2424\/revisions"}],"predecessor-version":[{"id":5520,"href":"https:\/\/visit-tirano.it\/fr\/wp-json\/wp\/v2\/pages\/2424\/revisions\/5520"}],"wp:attachment":[{"href":"https:\/\/visit-tirano.it\/fr\/wp-json\/wp\/v2\/media?parent=2424"}],"curies":[{"name":"wp","href":"https:\/\/api.w.org\/{rel}","templated":true}]}}