{"id":3318,"date":"2026-01-07T07:51:20","date_gmt":"2026-01-07T07:51:20","guid":{"rendered":"https:\/\/testsitedemo.it\/santuario-da-madonna-di-tirano\/"},"modified":"2026-03-24T11:31:33","modified_gmt":"2026-03-24T11:31:33","slug":"santuario-da-madonna-di-tirano","status":"publish","type":"page","link":"https:\/\/visit-tirano.it\/pt-br\/santuario-da-madonna-di-tirano\/","title":{"rendered":"SANTU\u00c1RIO DA MADONNA DI TIRANO"},"content":{"rendered":"\t\t<div data-elementor-type=\"wp-page\" data-elementor-id=\"3318\" class=\"elementor elementor-3318 elementor-1150\" data-elementor-post-type=\"page\">\n\t\t\t\t<div class=\"elementor-element elementor-element-2fbecd51 e-con-full elementor-hidden-tablet elementor-hidden-mobile e-flex e-con e-parent\" data-id=\"2fbecd51\" data-element_type=\"container\" data-e-type=\"container\" data-settings=\"{&quot;background_background&quot;:&quot;classic&quot;}\">\n\t\t\t\t<div class=\"elementor-element elementor-element-55d41f83 elementor-widget elementor-widget-heading\" data-id=\"55d41f83\" data-element_type=\"widget\" data-e-type=\"widget\" data-widget_type=\"heading.default\">\n\t\t\t\t\t<h1 class=\"elementor-heading-title elementor-size-default\">Visitar o Santu\u00e1rio da Madonna di Tirano<\/h1>\t\t\t\t<\/div>\n\t\t\t\t<\/div>\n\t\t<div class=\"elementor-element elementor-element-3805de0d e-con-full elementor-hidden-mobile elementor-hidden-desktop e-flex e-con e-parent\" data-id=\"3805de0d\" data-element_type=\"container\" data-e-type=\"container\" data-settings=\"{&quot;background_background&quot;:&quot;classic&quot;}\">\n\t\t\t\t<div class=\"elementor-element elementor-element-20b99782 elementor-widget elementor-widget-heading\" data-id=\"20b99782\" data-element_type=\"widget\" data-e-type=\"widget\" data-widget_type=\"heading.default\">\n\t\t\t\t\t<h1 class=\"elementor-heading-title elementor-size-default\">Visitar o Santu\u00e1rio da Madonna di Tirano<\/h1>\t\t\t\t<\/div>\n\t\t\t\t<\/div>\n\t\t<div class=\"elementor-element elementor-element-459f8c76 e-con-full elementor-hidden-tablet elementor-hidden-desktop e-flex e-con e-parent\" data-id=\"459f8c76\" data-element_type=\"container\" data-e-type=\"container\" data-settings=\"{&quot;background_background&quot;:&quot;classic&quot;}\">\n\t\t\t\t<div class=\"elementor-element elementor-element-4103310a elementor-widget elementor-widget-heading\" data-id=\"4103310a\" data-element_type=\"widget\" data-e-type=\"widget\" data-widget_type=\"heading.default\">\n\t\t\t\t\t<h1 class=\"elementor-heading-title elementor-size-default\">Visitar o Santu\u00e1rio da Madonna di Tirano<\/h1>\t\t\t\t<\/div>\n\t\t\t\t<\/div>\n\t\t<div class=\"elementor-element elementor-element-1d7bde8 e-con-full e-flex e-con e-parent\" data-id=\"1d7bde8\" data-element_type=\"container\" data-e-type=\"container\">\n\t\t<div class=\"elementor-element elementor-element-5444000 e-con-full e-flex e-con e-child\" data-id=\"5444000\" data-element_type=\"container\" data-e-type=\"container\">\n\t\t\t\t<div class=\"elementor-element elementor-element-78cb6b2 elementor-widget__width-auto elementor-widget elementor-widget-text-editor\" data-id=\"78cb6b2\" data-element_type=\"widget\" data-e-type=\"widget\" data-widget_type=\"text-editor.default\">\n\t\t\t\t\t\t\t\t\t<p><strong>Informa\u00e7\u00f5es \u00fateis<br><\/strong><br><strong>Hor\u00e1rio de funcionamento<\/strong>:<br>Todos os dias <br>das <strong>7:00<\/strong> \u00e0s <strong>12:00<\/strong>\u2028 <br>das <strong>14:30<\/strong> \u00e0s <strong>19:00<\/strong> \u2028<\/p><p><strong>Entrada gratuita<\/strong><\/p><p><strong>Endere\u00e7o<\/strong>\u2028 <br>Piazza Basilica, 1 &#8211; 23037 Tirano (So)<\/p><p><a href=\"https:\/\/www.santuariomadonnaditirano.it\/\" target=\"_blank\" rel=\"noopener\">SITE DO SANTU\u00c1RIO<\/a><\/p>\t\t\t\t\t\t\t\t<\/div>\n\t\t\t\t<\/div>\n\t\t<div class=\"elementor-element elementor-element-feab5f6 e-con-full e-flex e-con e-child\" data-id=\"feab5f6\" data-element_type=\"container\" data-e-type=\"container\">\n\t\t<div class=\"elementor-element elementor-element-503c29f e-con-full e-flex e-con e-child\" data-id=\"503c29f\" data-element_type=\"container\" data-e-type=\"container\">\n\t\t\t\t<div class=\"elementor-element elementor-element-53660db elementor-widget elementor-widget-heading\" data-id=\"53660db\" data-element_type=\"widget\" data-e-type=\"widget\" data-widget_type=\"heading.default\">\n\t\t\t\t\t<h2 class=\"elementor-heading-title elementor-size-default\">Hist\u00f3ria <\/h2>\t\t\t\t<\/div>\n\t\t\t\t<div class=\"elementor-element elementor-element-08c046b elementor-widget elementor-widget-text-editor\" data-id=\"08c046b\" data-element_type=\"widget\" data-e-type=\"widget\" data-widget_type=\"text-editor.default\">\n\t\t\t\t\t\t\t\t\t<p>A Bas\u00edlica de Nossa Senhora de Tirano nasceu de um evento que marcou profundamente a hist\u00f3ria da cidade e da regi\u00e3o. Segundo a tradi\u00e7\u00e3o, em 1504 a <strong>Virgem Maria apareceu a Mario Omodei<\/strong> prometendo o fim da peste que assolava a Valtellina. <br><br>Em sinal de gratid\u00e3o, surgiu a Bas\u00edlica em <strong>estilo renascentista lombardo<\/strong>, conclu\u00edda em suas partes essenciais em 1513, consagrada em 1528 e eleita Bas\u00edlica romana menor em 1927 pelo Papa Pio XI. Edificada sobre a <strong>horta da Apari\u00e7\u00e3o,<\/strong> doada pelo cavaleiro <strong>Luigi Quadrio<\/strong>, foi realizada por mestres de alto n\u00edvel, como os <strong>irm\u00e3os Rodari<\/strong> e <strong>Alessandro della Scala<\/strong>. <br><br>Em torno da Bas\u00edlica desenvolveu-se a fra\u00e7\u00e3o de Madonna di Tirano, que logo se tornou centro de peregrina\u00e7\u00e3o e s\u00edmbolo de identidade para todo o vale.<\/p>\t\t\t\t\t\t\t\t<\/div>\n\t\t\t\t<\/div>\n\t\t<div class=\"elementor-element elementor-element-2aee530 e-con-full e-flex e-con e-child\" data-id=\"2aee530\" data-element_type=\"container\" data-e-type=\"container\">\n\t\t\t\t<div class=\"elementor-element elementor-element-bba9c8a elementor-widget elementor-widget-heading\" data-id=\"bba9c8a\" data-element_type=\"widget\" data-e-type=\"widget\" data-widget_type=\"heading.default\">\n\t\t\t\t\t<h2 class=\"elementor-heading-title elementor-size-default\">Arte e arquitetura<\/h2>\t\t\t\t<\/div>\n\t\t\t\t<div class=\"elementor-element elementor-element-0729ab5 elementor-widget elementor-widget-text-editor\" data-id=\"0729ab5\" data-element_type=\"widget\" data-e-type=\"widget\" data-widget_type=\"text-editor.default\">\n\t\t\t\t\t\t\t\t\t<p>A Bas\u00edlica de Nossa Senhora de Tirano, com as suas <strong>tr\u00eas naves em cruz latina<\/strong>, \u00e9 um dos exemplos mais significativos da <strong>arquitetura renascentista local<\/strong>, valorizada pelos espa\u00e7os da pra\u00e7a que exaltam as suas propor\u00e7\u00f5es e enriquecida ao longo dos s\u00e9culos por interven\u00e7\u00f5es decorativas de prest\u00edgio. A <strong>estrutura harmoniosa<\/strong> e a <strong>fachada s\u00f3bria<\/strong> dialogam com <strong>interiores ricamente ornamentados<\/strong>. <\/p><p>O cora\u00e7\u00e3o espiritual do complexo \u00e9 o <strong>Scurolo<\/strong>, sob o altar da Apari\u00e7\u00e3o, um local de intensa devo\u00e7\u00e3o. Como testemunho do seu valor, encontra-se a <strong>venerada est\u00e1tua de madeira policromada de Nossa Senhora de Tirano<\/strong>, proclamada em 1946 <strong>\u201cCeleste Padroeira da Valtellina\u201d<\/strong>. <\/p><p>A <strong>fachada<\/strong> marcada por pilastras, \u00f3culos e pelo rico portal esculpido, a <strong>torre sineira<\/strong> de tra\u00e7o rom\u00e2nico, a <strong>c\u00fapula<\/strong> do s\u00e9culo XVI e o monumental <strong>\u00f3rg\u00e3o<\/strong> de madeira barroco do s\u00e9culo XVII expressam o <strong>di\u00e1logo entre gra\u00e7a divina, arte e medida humana<\/strong>.<\/p>\t\t\t\t\t\t\t\t<\/div>\n\t\t\t\t<\/div>\n\t\t\t\t<\/div>\n\t\t\t\t<\/div>\n\t\t<div class=\"elementor-element elementor-element-b1f7244 e-con-full e-flex e-con e-parent\" data-id=\"b1f7244\" data-element_type=\"container\" data-e-type=\"container\">\n\t\t\t\t<div class=\"elementor-element elementor-element-15d607c elementor-arrows-position-inside elementor-pagination-position-outside elementor-widget elementor-widget-image-carousel\" data-id=\"15d607c\" data-element_type=\"widget\" data-e-type=\"widget\" data-settings=\"{&quot;image_spacing_custom&quot;:{&quot;unit&quot;:&quot;px&quot;,&quot;size&quot;:50,&quot;sizes&quot;:[]},&quot;navigation&quot;:&quot;both&quot;,&quot;autoplay&quot;:&quot;yes&quot;,&quot;pause_on_hover&quot;:&quot;yes&quot;,&quot;pause_on_interaction&quot;:&quot;yes&quot;,&quot;autoplay_speed&quot;:5000,&quot;infinite&quot;:&quot;yes&quot;,&quot;speed&quot;:500,&quot;image_spacing_custom_tablet&quot;:{&quot;unit&quot;:&quot;px&quot;,&quot;size&quot;:&quot;&quot;,&quot;sizes&quot;:[]},&quot;image_spacing_custom_mobile&quot;:{&quot;unit&quot;:&quot;px&quot;,&quot;size&quot;:&quot;&quot;,&quot;sizes&quot;:[]}}\" data-widget_type=\"image-carousel.default\">\n\t\t\t\t\t\t\t<div class=\"elementor-image-carousel-wrapper swiper\" role=\"region\" aria-roledescription=\"carousel\" aria-label=\"Carosello d&#039;immagini\" dir=\"ltr\">\n\t\t\t<div class=\"elementor-image-carousel swiper-wrapper\" aria-live=\"off\">\n\t\t\t\t\t\t\t\t<div class=\"swiper-slide\" role=\"group\" aria-roledescription=\"slide\" aria-label=\"1 de 10\"><figure class=\"swiper-slide-inner\"><img decoding=\"async\" class=\"swiper-slide-image\" src=\"https:\/\/visit-tirano.it\/wp-content\/uploads\/elementor\/thumbs\/1-scaled-rhqy0ipqmu5fblusfjch8b1m6q158hifakszddzguo.jpg\" alt=\"#image_title\" \/><\/figure><\/div><div class=\"swiper-slide\" role=\"group\" aria-roledescription=\"slide\" aria-label=\"2 de 10\"><figure class=\"swiper-slide-inner\"><img decoding=\"async\" class=\"swiper-slide-image\" src=\"https:\/\/visit-tirano.it\/wp-content\/uploads\/elementor\/thumbs\/2-scaled-rhqy1gjxgvfqxkhmxxz1q2i7klecxl8rf8agnclamo.jpg\" alt=\"#image_title\" \/><\/figure><\/div><div class=\"swiper-slide\" role=\"group\" aria-roledescription=\"slide\" aria-label=\"3 de 10\"><figure class=\"swiper-slide-inner\"><img decoding=\"async\" class=\"swiper-slide-image\" src=\"https:\/\/visit-tirano.it\/wp-content\/uploads\/elementor\/thumbs\/3-scaled-rhqy1pybd7sm5o3zf21bf04tig412ka2sitbg47cwg.jpg\" alt=\"#image_title\" \/><\/figure><\/div><div class=\"swiper-slide\" role=\"group\" aria-roledescription=\"slide\" aria-label=\"4 de 10\"><figure class=\"swiper-slide-inner\"><img decoding=\"async\" class=\"swiper-slide-image\" src=\"https:\/\/visit-tirano.it\/wp-content\/uploads\/elementor\/thumbs\/4-scaled-rhqy1xh0vw2wqjt275abyy8i9j2ys53xhk17abw7io.jpg\" alt=\"#image_title\" \/><\/figure><\/div><div class=\"swiper-slide\" role=\"group\" aria-roledescription=\"slide\" aria-label=\"5 de 10\"><figure class=\"swiper-slide-inner\"><img decoding=\"async\" class=\"swiper-slide-image\" src=\"https:\/\/visit-tirano.it\/wp-content\/uploads\/elementor\/thumbs\/5-scaled-rhqy241w7qbwztji4q4pyekqf86ja0u1uglln9mgb4.jpg\" alt=\"#image_title\" \/><\/figure><\/div><div class=\"swiper-slide\" role=\"group\" aria-roledescription=\"slide\" aria-label=\"6 de 10\"><figure class=\"swiper-slide-inner\"><img decoding=\"async\" class=\"swiper-slide-image\" src=\"https:\/\/visit-tirano.it\/wp-content\/uploads\/elementor\/thumbs\/6-scaled-rhqy2cifx8nhwb77rbsd2ufvrp0u7armvmgyyr9wr4.jpg\" alt=\"#image_title\" \/><\/figure><\/div><div class=\"swiper-slide\" role=\"group\" aria-roledescription=\"slide\" aria-label=\"7 de 10\"><figure class=\"swiper-slide-inner\"><img decoding=\"async\" class=\"swiper-slide-image\" src=\"https:\/\/visit-tirano.it\/wp-content\/uploads\/elementor\/thumbs\/7-rhqy2g9soksn6r1r5devcthq58ib236k852wvv4c28.jpg\" alt=\"#image_title\" \/><\/figure><\/div><div class=\"swiper-slide\" role=\"group\" aria-roledescription=\"slide\" aria-label=\"8 de 10\"><figure class=\"swiper-slide-inner\"><img decoding=\"async\" class=\"swiper-slide-image\" src=\"https:\/\/visit-tirano.it\/wp-content\/uploads\/elementor\/thumbs\/8-rhqy2j3b92wi5kxnowmr2as3xe4ep6hr8j1dbp05jk.jpg\" alt=\"#image_title\" \/><\/figure><\/div><div class=\"swiper-slide\" role=\"group\" aria-roledescription=\"slide\" aria-label=\"9 de 10\"><figure class=\"swiper-slide-inner\"><img decoding=\"async\" class=\"swiper-slide-image\" src=\"https:\/\/visit-tirano.it\/wp-content\/uploads\/elementor\/thumbs\/9-scaled-rhqy2lwttl0d4etk8fumrs2hpjqic9sy8wztrivz0w.jpg\" alt=\"#image_title\" \/><\/figure><\/div><div class=\"swiper-slide\" role=\"group\" aria-roledescription=\"slide\" aria-label=\"10 de 10\"><figure class=\"swiper-slide-inner\"><img decoding=\"async\" class=\"swiper-slide-image\" src=\"https:\/\/visit-tirano.it\/wp-content\/uploads\/elementor\/thumbs\/10-scaled-rhqy2po6kx5ieuo3mhh51r4c337z727vlflromqec0.jpg\" alt=\"#image_title\" \/><\/figure><\/div>\t\t\t<\/div>\n\t\t\t\t\t\t\t\t\t\t\t\t<div class=\"elementor-swiper-button elementor-swiper-button-prev\" role=\"button\" tabindex=\"0\">\n\t\t\t\t\t\t<svg aria-hidden=\"true\" class=\"e-font-icon-svg e-eicon-chevron-left\" viewBox=\"0 0 1000 1000\" xmlns=\"http:\/\/www.w3.org\/2000\/svg\"><path d=\"M646 125C629 125 613 133 604 142L308 442C296 454 292 471 292 487 292 504 296 521 308 533L604 854C617 867 629 875 646 875 663 875 679 871 692 858 704 846 713 829 713 812 713 796 708 779 692 767L438 487 692 225C700 217 708 204 708 187 708 171 704 154 692 142 675 129 663 125 646 125Z\"><\/path><\/svg>\t\t\t\t\t<\/div>\n\t\t\t\t\t<div class=\"elementor-swiper-button elementor-swiper-button-next\" role=\"button\" tabindex=\"0\">\n\t\t\t\t\t\t<svg aria-hidden=\"true\" class=\"e-font-icon-svg e-eicon-chevron-right\" viewBox=\"0 0 1000 1000\" xmlns=\"http:\/\/www.w3.org\/2000\/svg\"><path d=\"M696 533C708 521 713 504 713 487 713 471 708 454 696 446L400 146C388 133 375 125 354 125 338 125 325 129 313 142 300 154 292 171 292 187 292 204 296 221 308 233L563 492 304 771C292 783 288 800 288 817 288 833 296 850 308 863 321 871 338 875 354 875 371 875 388 867 400 854L696 533Z\"><\/path><\/svg>\t\t\t\t\t<\/div>\n\t\t\t\t\n\t\t\t\t\t\t\t\t\t<div class=\"swiper-pagination\"><\/div>\n\t\t\t\t\t\t\t\t\t<\/div>\n\t\t\t\t\t\t<\/div>\n\t\t\t\t<\/div>\n\t\t\t\t<\/div>\n\t\t","protected":false},"excerpt":{"rendered":"<p>Visitar o Santu\u00e1rio da Madonna di Tirano Visitar o Santu\u00e1rio da Madonna di Tirano Visitar o Santu\u00e1rio da Madonna di Tirano Informa\u00e7\u00f5es \u00fateisHor\u00e1rio de funcionamento:Todos os dias das 7:00 \u00e0s 12:00\u2028 das 14:30 \u00e0s 19:00 \u2028 Entrada gratuita Endere\u00e7o\u2028 Piazza Basilica, 1 &#8211; 23037 Tirano (So) SITE DO SANTU\u00c1RIO Hist\u00f3ria A Bas\u00edlica de Nossa Senhora [&hellip;]<\/p>\n","protected":false},"author":2,"featured_media":0,"parent":0,"menu_order":0,"comment_status":"closed","ping_status":"closed","template":"","meta":{"_acf_changed":false,"footnotes":""},"class_list":["post-3318","page","type-page","status-publish","hentry"],"acf":[],"aioseo_notices":[],"_links":{"self":[{"href":"https:\/\/visit-tirano.it\/pt-br\/wp-json\/wp\/v2\/pages\/3318","targetHints":{"allow":["GET"]}}],"collection":[{"href":"https:\/\/visit-tirano.it\/pt-br\/wp-json\/wp\/v2\/pages"}],"about":[{"href":"https:\/\/visit-tirano.it\/pt-br\/wp-json\/wp\/v2\/types\/page"}],"author":[{"embeddable":true,"href":"https:\/\/visit-tirano.it\/pt-br\/wp-json\/wp\/v2\/users\/2"}],"replies":[{"embeddable":true,"href":"https:\/\/visit-tirano.it\/pt-br\/wp-json\/wp\/v2\/comments?post=3318"}],"version-history":[{"count":9,"href":"https:\/\/visit-tirano.it\/pt-br\/wp-json\/wp\/v2\/pages\/3318\/revisions"}],"predecessor-version":[{"id":5524,"href":"https:\/\/visit-tirano.it\/pt-br\/wp-json\/wp\/v2\/pages\/3318\/revisions\/5524"}],"wp:attachment":[{"href":"https:\/\/visit-tirano.it\/pt-br\/wp-json\/wp\/v2\/media?parent=3318"}],"curies":[{"name":"wp","href":"https:\/\/api.w.org\/{rel}","templated":true}]}}